{"id":124,"date":"2020-11-17T13:27:49","date_gmt":"2020-11-17T12:27:49","guid":{"rendered":"https:\/\/secretariadodemigraciones.wordpress.com\/?page_id=124"},"modified":"2020-11-17T13:27:49","modified_gmt":"2020-11-17T12:27:49","slug":"atencion-social","status":"publish","type":"page","link":"https:\/\/centrotierradetodos.es\/smc\/atencion-social\/","title":{"rendered":"Atenci\u00f3n Social"},"content":{"rendered":"\n<p>Atenci\u00f3n social tiene como objetivo general posibilitar la integraci\u00f3n de los trabajadores inmigrantes y sus familias y la realizaci\u00f3n de su proyecto personal y familiar.<\/p>\n\n\n\n<p>Con este fin se realizan diferentes intervenciones y actuaciones, siempre ofreciendo un apoyo individualizado y un seguimiento personal a los inmigrantes que se atienden.<\/p>\n\n\n\n<p>Se trata pues de acompa\u00f1ar a cada persona en su proyecto migratorio, brind\u00e1ndole herramientas para hacer frente a las nuevas situaciones con las que se encuentran y para que sean verdaderos protagonistas de su historia.&nbsp;<\/p>\n\n\n\n<p>Asimismo, los cambios y la transformaci\u00f3n social que genera el fen\u00f3meno migratorio en el conjunto de la sociedad suponen unos nuevos retos y desaf\u00edos que requieren avanzar en la sensibilizaci\u00f3n de la sociedad de acogida.<\/p>\n\n\n\n<p>Esto demanda la puesta en marcha de acciones que posibilite el fomento de los valores del respeto a la dignidad de todas y cada una de las personas, la convivencia democr\u00e1tica entre todos los ciudadanos y el encuentro<\/p>\n\n\n\n<p>enriquecedor entre todas las culturas, con el fin de ir construyendo juntos, entre aut\u00f3ctonos e inmigrantes, una nueva sociedad.<\/p>\n\n\n\n<p>A continuaci\u00f3n se enumeran algunas actividades a las que se dedica:<\/p>\n\n\n\n<ul class=\"wp-block-list\"><li>Primera acogida y acompa\u00f1amiento.<\/li><li>Informaci\u00f3n y orientaci\u00f3n social y laboral.<\/li><li>Acciones de apoyo y ayuda para la integraci\u00f3n.<\/li><li>Informaci\u00f3n y derivaci\u00f3n a los servicios comunitarios.<\/li><li>Actividades de promoci\u00f3n y educaci\u00f3n.<\/li><li>Actividades de participaci\u00f3n y punto de encuentro de los inmigrantes de la ciudad.<\/li><\/ul>\n\n\n\n<p><strong>Primera acogida y acompa\u00f1amiento<\/strong><\/p>\n\n\n\n<p>Se trata de acoger y conocer la realidad de cada persona inmigrante que accede a nuestros servicios para ayudarle en su incorporaci\u00f3n a la sociedad espa\u00f1ola mediante una primera acogida y atenci\u00f3n digna que le permita&nbsp;conocer su situaci\u00f3n en Espa\u00f1a, sus derechos y obligaciones, los recursos sociales disponibles y los diversos procedimientos y tr\u00e1mites.<\/p>\n\n\n\n<p>Es tambi\u00e9n un tiempo de escucha personal y de prestar atenci\u00f3n y acogida al momento que vive cada persona en su experiencia migratoria, sus anhelos, sus sufrimientos, sus esperanzas.<\/p>\n\n\n\n<p>Seguimiento individualizado del proyecto migratorio de las personas.<\/p>\n\n\n\n<p><strong>Informaci\u00f3n y orientaci\u00f3n social y laboral<\/strong><\/p>\n\n\n\n<p>Informaci\u00f3n general que oriente la inserci\u00f3n social, los requisitos y tr\u00e1mites administrativos necesarios para empadronarse y para el acceso a las prestaciones sanitarias, etc.<\/p>\n\n\n\n<p>Informaci\u00f3n y asesoramiento sobre recursos para la inserci\u00f3n laboral en coordinaci\u00f3n con nuestro Servicio de Orientaci\u00f3n y B\u00fasqueda de Empleo.<\/p>\n\n\n\n<p>Programa de apoyo y de informaci\u00f3n espec\u00edfico para mujeres inmigrantes con dificultades de inserci\u00f3n laboral, que quieren incorporarse al servicio dom\u00e9stico.<\/p>\n\n\n\n<p>Para el asesoramiento y acompa\u00f1amiento necesarios sobre los temas de extranjer\u00eda se deriva a nuestro Servicio Jur\u00eddico.<\/p>\n\n\n\n<p><strong>Acciones de apoyo y ayuda para la integraci\u00f3n<\/strong><\/p>\n\n\n\n<p>Apoyar el derecho a vivir en familia con informaci\u00f3n, orientaci\u00f3n y ayudas a la reagrupaci\u00f3n familiar siempre que el reagrupado re\u00fana los requisitos establecidos por la legislaci\u00f3n vigente.<\/p>\n\n\n\n<p>Apoyar el acceso y mantenimiento de una vivienda digna como factor de equilibrio emocional y normalizaci\u00f3n social, garantizando de este modo la estabilidad del domicilio, la ampliaci\u00f3n del mundo relacional y la contribuci\u00f3n a<\/p>\n\n\n\n<p>una convivencia enriquecedora e integradora.<\/p>\n\n\n\n<p>Apoyar el acceso a las guarder\u00edas y becas escolares de los ni\u00f1os, de forma que los adultos puedan garantizar el mantenimiento y la asistencia a los puestos de trabajo como clave fundamental de la integraci\u00f3n.<\/p>\n\n\n\n<p>Proporcionar con rapidez y eficacia una respuesta social b\u00e1sica ante aquellas situaciones de extrema fragilidad susceptibles de caer y\/o perpetuarse en la exclusi\u00f3n y marginaci\u00f3n social.<\/p>\n\n\n\n<p><strong>Informaci\u00f3n y derivaci\u00f3n a los servicios comunitarios<\/strong><\/p>\n\n\n\n<p>Informaci\u00f3n de las posibilidades de acceso a los distintos recursos p\u00fablicos: servicios sociales, sanidad, seguridad social, educaci\u00f3n, vivienda, formaci\u00f3n, empleo, cultura, etc.<\/p>\n\n\n\n<p>Las condiciones de acceso a los servicios sociales especializados: centros de menores, mujeres, personas con discapacidad, personas mayores, etc.<\/p>\n\n\n\n<p>Los requisitos para percibir prestaciones econ\u00f3micas p\u00fablicas: renta m\u00ednima de inserci\u00f3n, pensiones no contributivas, prestaciones no peri\u00f3dicas u otro tipo de ayudas econ\u00f3micas.<\/p>\n\n\n\n<p><strong>Actividades de promoci\u00f3n y educaci\u00f3n<\/strong><\/p>\n\n\n\n<ul class=\"wp-block-list\"><li>Cursos de espa\u00f1ol.<\/li><li>Cursos de Inform\u00e1tica.<ul><li>Iniciaci\u00f3n a la Inform\u00e1tica I.<\/li><li>Iniciaci\u00f3n a la Inform\u00e1tica II.<\/li><\/ul><\/li><li>Curso de formaci\u00f3n b\u00e1sica en salud para cuidadores. \u00a0 \u00a0 \u00a0 \u00a0 \u00a0 \u00a0 \u00a0 \u00a0 \u00a0 \u00a0 \u00a0 \u00a0 \u00a0 \u00a0 \u00a0 \u00a0 \u00a0<\/li><li>Curso de salud sexual y reproductiva para mujeres inmigrantes.<\/li><li>Curso de ayuda a domicilio.<\/li><li>Acci\u00f3n formativa: Riesgos Laborales.<\/li><li>Actividades de integraci\u00f3n con ni\u00f1os inmigrantes.<\/li><\/ul>\n\n\n\n<p><strong>Actividades de participaci\u00f3n y punto de encuentro de los inmigrantes de la ciudad<\/strong><\/p>\n\n\n\n<p>El objetivo general de estas actividades es la de ofrecer un espacio de encuentro y de relaci\u00f3n para mujeres y hombres inmigrantes, personas en situaci\u00f3n de cierto aislamiento y soledad.<\/p>\n\n\n\n<p>La realizaci\u00f3n de los trabajos manuales&nbsp;no s\u00f3lo sirve para el desarrollo de la capacidad creativa, tambi\u00e9n favorece la relaci\u00f3n y el encuentro con otras personas en situaci\u00f3n similar.<\/p>\n\n\n\n<ul class=\"wp-block-list\"><li>Talleres de manualidades.<\/li><li>Talleres de cuero. \u00a0 \u00a0 \u00a0 \u00a0 \u00a0 \u00a0 \u00a0 \u00a0 \u00a0 \u00a0 \u00a0 \u00a0 \u00a0 \u00a0<\/li><\/ul>\n","protected":false},"excerpt":{"rendered":"<p>Atenci\u00f3n social tiene como objetivo general posibilitar la integraci\u00f3n de los trabajadores inmigrantes y sus familias y la realizaci\u00f3n de su proyecto personal y familiar. Con este fin se realizan diferentes intervenciones y actuaciones, siempre ofreciendo un apoyo individualizado y un seguimiento personal a los inmigrantes que se atienden. Se trata pues de acompa\u00f1ar a cada persona en su proyecto migratorio, brind\u00e1ndole herramientas para hacer &hellip; <a href=\"https:\/\/centrotierradetodos.es\/smc\/atencion-social\/\" class=\"more-link\">Contin\u00faa leyendo <span class=\"screen-reader-text\">Atenci\u00f3n Social<\/span><\/a><\/p>\n","protected":false},"author":1,"featured_media":0,"parent":0,"menu_order":0,"comment_status":"closed","ping_status":"closed","template":"","meta":{"_monsterinsights_skip_tracking":false,"_monsterinsights_sitenote_active":false,"_monsterinsights_sitenote_note":"","_monsterinsights_sitenote_category":0,"_uf_show_specific_survey":0,"_uf_disable_surveys":false,"footnotes":""},"tags":[],"class_list":["post-124","page","type-page","status-publish","hentry"],"aioseo_notices":[],"jetpack_sharing_enabled":true,"_links":{"self":[{"href":"https:\/\/centrotierradetodos.es\/smc\/wp-json\/wp\/v2\/pages\/124","targetHints":{"allow":["GET"]}}],"collection":[{"href":"https:\/\/centrotierradetodos.es\/smc\/wp-json\/wp\/v2\/pages"}],"about":[{"href":"https:\/\/centrotierradetodos.es\/smc\/wp-json\/wp\/v2\/types\/page"}],"author":[{"embeddable":true,"href":"https:\/\/centrotierradetodos.es\/smc\/wp-json\/wp\/v2\/users\/1"}],"replies":[{"embeddable":true,"href":"https:\/\/centrotierradetodos.es\/smc\/wp-json\/wp\/v2\/comments?post=124"}],"version-history":[{"count":0,"href":"https:\/\/centrotierradetodos.es\/smc\/wp-json\/wp\/v2\/pages\/124\/revisions"}],"wp:attachment":[{"href":"https:\/\/centrotierradetodos.es\/smc\/wp-json\/wp\/v2\/media?parent=124"}],"wp:term":[{"taxonomy":"post_tag","embeddable":true,"href":"https:\/\/centrotierradetodos.es\/smc\/wp-json\/wp\/v2\/tags?post=124"}],"curies":[{"name":"wp","href":"https:\/\/api.w.org\/{rel}","templated":true}]}}