{"id":91,"date":"2021-03-25T13:15:38","date_gmt":"2021-03-25T12:15:38","guid":{"rendered":"https:\/\/centrotierradetodos718846684.wordpress.com\/?page_id=91"},"modified":"2025-05-15T12:21:45","modified_gmt":"2025-05-15T10:21:45","slug":"conocenos","status":"publish","type":"page","link":"https:\/\/centrotierradetodos.es\/fctdt\/conocenos\/","title":{"rendered":""},"content":{"rendered":"\n<div style=\"height:64px\" aria-hidden=\"true\" class=\"wp-block-spacer\"><\/div>\n\n\n\n<div class=\"wp-block-group alignfull\"><div class=\"wp-block-group__inner-container is-layout-flow wp-block-group-is-layout-flow\">\n<div class=\"wp-block-jetpack-layout-grid alignfull column1-desktop-grid__span-3 column1-desktop-grid__start-2 column1-desktop-grid__row-1 column2-desktop-grid__span-6 column2-desktop-grid__start-6 column2-desktop-grid__row-1 column1-tablet-grid__span-3 column1-tablet-grid__row-1 column2-tablet-grid__span-5 column2-tablet-grid__start-4 column2-tablet-grid__row-1 column1-mobile-grid__span-4 column1-mobile-grid__row-1 column2-mobile-grid__span-4 column2-mobile-grid__row-2\">\n<div class=\"wp-block-jetpack-layout-grid-column wp-block-jetpack-layout-grid__padding-none\">\n<figure class=\"wp-block-image size-large is-style-circle-mask\"><img loading=\"eager\" decoding=\"async\" width=\"1600\" height=\"1077\" src=\"http:\/\/centrotierradetodos.es\/fctdt\/wp-content\/uploads\/2021\/07\/20210716_tierra_de_todos_web_302.jpg?w=900\" alt=\"\" class=\"wp-image-333\" srcset=\"https:\/\/centrotierradetodos.es\/fctdt\/wp-content\/uploads\/2021\/07\/20210716_tierra_de_todos_web_302.jpg 1600w, https:\/\/centrotierradetodos.es\/fctdt\/wp-content\/uploads\/2021\/07\/20210716_tierra_de_todos_web_302-300x202.jpg 300w, https:\/\/centrotierradetodos.es\/fctdt\/wp-content\/uploads\/2021\/07\/20210716_tierra_de_todos_web_302-1024x689.jpg 1024w, https:\/\/centrotierradetodos.es\/fctdt\/wp-content\/uploads\/2021\/07\/20210716_tierra_de_todos_web_302-768x517.jpg 768w, https:\/\/centrotierradetodos.es\/fctdt\/wp-content\/uploads\/2021\/07\/20210716_tierra_de_todos_web_302-1536x1034.jpg 1536w, https:\/\/centrotierradetodos.es\/fctdt\/wp-content\/uploads\/2021\/07\/20210716_tierra_de_todos_web_302-1568x1055.jpg 1568w\" sizes=\"(max-width: 1600px) 100vw, 1600px\" \/><\/figure>\n<\/div>\n\n\n\n<div class=\"wp-block-jetpack-layout-grid-column wp-block-jetpack-layout-grid__padding-none\">\n<h2 class=\"has-secondary-color has-text-color wp-block-heading\">FUNDACI\u00d3N CENTRO TIERRA DE TODOS<\/h2>\n\n\n\n<p class=\"has-primary-color has-text-color\">La Fundaci\u00f3n CENTRO TIERRA DE TODOS es una entidad sin \u00e1nimo de lucro, inscrita en el Registro de Fundaciones dependiente del Ministerio de Justicia, Direcci\u00f3n General de los Registros y del Notariado con el n\u00ba 11-0286.<\/p>\n\n\n\n<p class=\"has-primary-color has-text-color\"><br>La Fundaci\u00f3n tiene su domicilio social en C\u00e1diz, en la Plaza Fray F\u00e9lix n\u00ba 5, en un edificio de 3 plantas que ocupa una superficie total de 1.500 metros cuadrados, propiedad del Obispado de C\u00e1diz que, tras la rehabilitaci\u00f3n realizada por medio del Programa Europeo Urban, decide dedicar este Centro a la atenci\u00f3n de los j\u00f3venes, de los inmigrantes y de los barrios populares de la ciudad de C\u00e1diz, con el \u00e1nimo de promover un ambicioso proyecto que facilite la igualdad de oportunidades y la promoci\u00f3n y cualificaci\u00f3n de todas estas personas y de todo su entorno social.<\/p>\n\n\n\n<p class=\"has-primary-color has-text-color\"><br>Su \u00e1mbito de actuaci\u00f3n es nacional, aunque se trabaja mayoritariamente en el entorno de la Di\u00f3cesis de C\u00e1diz y Ceuta y al otro lado del Estrecho, en la zona T\u00e1nger-Tetu\u00e1n de Marruecos.<\/p>\n\n\n\n<p class=\"has-primary-color has-text-color\"><br>La Fundaci\u00f3n se pone en marcha con la finalidad de implementar proyectos y programas que generen nuevas expectativas en los barrios populares, en los j\u00f3venes y su entorno social y en la atenci\u00f3n directa a los inmigrantes, para promover su integraci\u00f3n social y laboral.<\/p>\n<\/div>\n<\/div>\n<\/div><\/div>\n\n\n\n<p><\/p>\n","protected":false},"excerpt":{"rendered":"<p>FUNDACI\u00d3N CENTRO TIERRA DE TODOS La Fundaci\u00f3n CENTRO TIERRA DE TODOS es una entidad sin \u00e1nimo de lucro, inscrita en el Registro de Fundaciones dependiente del Ministerio de Justicia, Direcci\u00f3n General de los Registros y del Notariado con el n\u00ba 11-0286. La Fundaci\u00f3n tiene su domicilio social en C\u00e1diz, en la Plaza Fray F\u00e9lix n\u00ba<a class=\"more-link\" href=\"https:\/\/centrotierradetodos.es\/fctdt\/conocenos\/\">Sigue leyendo <\/a><\/p>\n","protected":false},"author":1,"featured_media":0,"parent":0,"menu_order":0,"comment_status":"closed","ping_status":"closed","template":"","meta":{"_editorskit_title_hidden":false,"_editorskit_reading_time":0,"_editorskit_is_block_options_detached":false,"_editorskit_block_options_position":"{}","_coblocks_attr":"","_coblocks_dimensions":"","_coblocks_responsive_height":"","_coblocks_accordion_ie_support":"","_monsterinsights_skip_tracking":false,"_monsterinsights_sitenote_active":false,"_monsterinsights_sitenote_note":"","_monsterinsights_sitenote_category":0,"footnotes":""},"class_list":["post-91","page","type-page","status-publish","hentry","entry"],"yoast_head":"<!-- This site is optimized with the Yoast SEO plugin v27.6 - https:\/\/yoast.com\/product\/yoast-seo-wordpress\/ -->\n<title>- Fundaci\u00f3n Centro Tierra de Todos<\/title>\n<meta name=\"robots\" content=\"index, follow, max-snippet:-1, max-image-preview:large, max-video-preview:-1\" \/>\n<link rel=\"canonical\" href=\"https:\/\/centrotierradetodos.es\/fctdt\/conocenos\/\" \/>\n<meta property=\"og:locale\" content=\"es_ES\" \/>\n<meta property=\"og:type\" content=\"article\" \/>\n<meta property=\"og:title\" content=\"- Fundaci\u00f3n Centro Tierra de Todos\" \/>\n<meta property=\"og:description\" content=\"FUNDACI\u00d3N CENTRO TIERRA DE TODOS La Fundaci\u00f3n CENTRO TIERRA DE TODOS es una entidad sin \u00e1nimo de lucro, inscrita en el Registro de Fundaciones dependiente del Ministerio de Justicia, Direcci\u00f3n General de los Registros y del Notariado con el n\u00ba 11-0286. La Fundaci\u00f3n tiene su domicilio social en C\u00e1diz, en la Plaza Fray F\u00e9lix n\u00baSigue leyendo\" \/>\n<meta property=\"og:url\" content=\"https:\/\/centrotierradetodos.es\/fctdt\/conocenos\/\" \/>\n<meta property=\"og:site_name\" content=\"Fundaci\u00f3n Centro Tierra de Todos\" \/>\n<meta property=\"article:publisher\" content=\"https:\/\/www.facebook.com\/p\/Cardijn-Tierra-de-Todos-Migraciones-100091817239433\/\" \/>\n<meta property=\"article:modified_time\" content=\"2025-05-15T10:21:45+00:00\" \/>\n<meta property=\"og:image\" content=\"https:\/\/centrotierradetodos.es\/fctdt\/wp-content\/uploads\/2021\/07\/20210716_tierra_de_todos_web_302.jpg\" \/>\n\t<meta property=\"og:image:width\" content=\"1600\" \/>\n\t<meta property=\"og:image:height\" content=\"1077\" \/>\n\t<meta property=\"og:image:type\" content=\"image\/jpeg\" \/>\n<meta name=\"twitter:card\" content=\"summary_large_image\" \/>\n<meta name=\"twitter:label1\" content=\"Tiempo de lectura\" \/>\n\t<meta name=\"twitter:data1\" content=\"1 minuto\" \/>\n<script type=\"application\/ld+json\" class=\"yoast-schema-graph\">{\"@context\":\"https:\\\/\\\/schema.org\",\"@graph\":[{\"@type\":\"WebPage\",\"@id\":\"https:\\\/\\\/centrotierradetodos.es\\\/fctdt\\\/conocenos\\\/\",\"url\":\"https:\\\/\\\/centrotierradetodos.es\\\/fctdt\\\/conocenos\\\/\",\"name\":\"- Fundaci\u00f3n Centro Tierra de Todos\",\"isPartOf\":{\"@id\":\"https:\\\/\\\/centrotierradetodos.es\\\/fctdt\\\/#website\"},\"primaryImageOfPage\":{\"@id\":\"https:\\\/\\\/centrotierradetodos.es\\\/fctdt\\\/conocenos\\\/#primaryimage\"},\"image\":{\"@id\":\"https:\\\/\\\/centrotierradetodos.es\\\/fctdt\\\/conocenos\\\/#primaryimage\"},\"thumbnailUrl\":\"http:\\\/\\\/centrotierradetodos.es\\\/fctdt\\\/wp-content\\\/uploads\\\/2021\\\/07\\\/20210716_tierra_de_todos_web_302.jpg?w=900\",\"datePublished\":\"2021-03-25T12:15:38+00:00\",\"dateModified\":\"2025-05-15T10:21:45+00:00\",\"inLanguage\":\"es\",\"potentialAction\":[{\"@type\":\"ReadAction\",\"target\":[\"https:\\\/\\\/centrotierradetodos.es\\\/fctdt\\\/conocenos\\\/\"]}]},{\"@type\":\"ImageObject\",\"inLanguage\":\"es\",\"@id\":\"https:\\\/\\\/centrotierradetodos.es\\\/fctdt\\\/conocenos\\\/#primaryimage\",\"url\":\"https:\\\/\\\/centrotierradetodos.es\\\/fctdt\\\/wp-content\\\/uploads\\\/2021\\\/07\\\/20210716_tierra_de_todos_web_302.jpg\",\"contentUrl\":\"https:\\\/\\\/centrotierradetodos.es\\\/fctdt\\\/wp-content\\\/uploads\\\/2021\\\/07\\\/20210716_tierra_de_todos_web_302.jpg\",\"width\":1600,\"height\":1077},{\"@type\":\"WebSite\",\"@id\":\"https:\\\/\\\/centrotierradetodos.es\\\/fctdt\\\/#website\",\"url\":\"https:\\\/\\\/centrotierradetodos.es\\\/fctdt\\\/\",\"name\":\"Fundaci\u00f3n Centro Tierra de Todos\",\"description\":\"La Fundaci\u00f3n Centro Tierra de Todos es una entidad sin \u00e1nimo de lucro, dedicada a la atenci\u00f3n de los j\u00f3venes, de los inmigrantes y de los barrios populares de la ciudad de C\u00e1diz, con el \u00e1nimo de promover un ambicioso proyecto que facilite la igualdad de oportunidades y la promoci\u00f3n y cualificaci\u00f3n de todas estas personas y de todo su entorno social.\",\"publisher\":{\"@id\":\"https:\\\/\\\/centrotierradetodos.es\\\/fctdt\\\/#organization\"},\"potentialAction\":[{\"@type\":\"SearchAction\",\"target\":{\"@type\":\"EntryPoint\",\"urlTemplate\":\"https:\\\/\\\/centrotierradetodos.es\\\/fctdt\\\/?s={search_term_string}\"},\"query-input\":{\"@type\":\"PropertyValueSpecification\",\"valueRequired\":true,\"valueName\":\"search_term_string\"}}],\"inLanguage\":\"es\"},{\"@type\":\"Organization\",\"@id\":\"https:\\\/\\\/centrotierradetodos.es\\\/fctdt\\\/#organization\",\"name\":\"Fundaci\u00f3n Centro Tierra de Todos\",\"url\":\"https:\\\/\\\/centrotierradetodos.es\\\/fctdt\\\/\",\"logo\":{\"@type\":\"ImageObject\",\"inLanguage\":\"es\",\"@id\":\"https:\\\/\\\/centrotierradetodos.es\\\/fctdt\\\/#\\\/schema\\\/logo\\\/image\\\/\",\"url\":\"https:\\\/\\\/centrotierradetodos.es\\\/fctdt\\\/wp-content\\\/uploads\\\/2021\\\/03\\\/cropped-logo_tierra_todos_470x210-1.jpg\",\"contentUrl\":\"https:\\\/\\\/centrotierradetodos.es\\\/fctdt\\\/wp-content\\\/uploads\\\/2021\\\/03\\\/cropped-logo_tierra_todos_470x210-1.jpg\",\"width\":470,\"height\":210,\"caption\":\"Fundaci\u00f3n Centro Tierra de Todos\"},\"image\":{\"@id\":\"https:\\\/\\\/centrotierradetodos.es\\\/fctdt\\\/#\\\/schema\\\/logo\\\/image\\\/\"},\"sameAs\":[\"https:\\\/\\\/www.facebook.com\\\/p\\\/Cardijn-Tierra-de-Todos-Migraciones-100091817239433\\\/\"]}]}<\/script>\n<!-- \/ Yoast SEO plugin. -->","yoast_head_json":{"title":"- Fundaci\u00f3n Centro Tierra de Todos","robots":{"index":"index","follow":"follow","max-snippet":"max-snippet:-1","max-image-preview":"max-image-preview:large","max-video-preview":"max-video-preview:-1"},"canonical":"https:\/\/centrotierradetodos.es\/fctdt\/conocenos\/","og_locale":"es_ES","og_type":"article","og_title":"- Fundaci\u00f3n Centro Tierra de Todos","og_description":"FUNDACI\u00d3N CENTRO TIERRA DE TODOS La Fundaci\u00f3n CENTRO TIERRA DE TODOS es una entidad sin \u00e1nimo de lucro, inscrita en el Registro de Fundaciones dependiente del Ministerio de Justicia, Direcci\u00f3n General de los Registros y del Notariado con el n\u00ba 11-0286. La Fundaci\u00f3n tiene su domicilio social en C\u00e1diz, en la Plaza Fray F\u00e9lix n\u00baSigue leyendo","og_url":"https:\/\/centrotierradetodos.es\/fctdt\/conocenos\/","og_site_name":"Fundaci\u00f3n Centro Tierra de Todos","article_publisher":"https:\/\/www.facebook.com\/p\/Cardijn-Tierra-de-Todos-Migraciones-100091817239433\/","article_modified_time":"2025-05-15T10:21:45+00:00","og_image":[{"width":1600,"height":1077,"url":"https:\/\/centrotierradetodos.es\/fctdt\/wp-content\/uploads\/2021\/07\/20210716_tierra_de_todos_web_302.jpg","type":"image\/jpeg"}],"twitter_card":"summary_large_image","twitter_misc":{"Tiempo de lectura":"1 minuto"},"schema":{"@context":"https:\/\/schema.org","@graph":[{"@type":"WebPage","@id":"https:\/\/centrotierradetodos.es\/fctdt\/conocenos\/","url":"https:\/\/centrotierradetodos.es\/fctdt\/conocenos\/","name":"- Fundaci\u00f3n Centro Tierra de Todos","isPartOf":{"@id":"https:\/\/centrotierradetodos.es\/fctdt\/#website"},"primaryImageOfPage":{"@id":"https:\/\/centrotierradetodos.es\/fctdt\/conocenos\/#primaryimage"},"image":{"@id":"https:\/\/centrotierradetodos.es\/fctdt\/conocenos\/#primaryimage"},"thumbnailUrl":"http:\/\/centrotierradetodos.es\/fctdt\/wp-content\/uploads\/2021\/07\/20210716_tierra_de_todos_web_302.jpg?w=900","datePublished":"2021-03-25T12:15:38+00:00","dateModified":"2025-05-15T10:21:45+00:00","inLanguage":"es","potentialAction":[{"@type":"ReadAction","target":["https:\/\/centrotierradetodos.es\/fctdt\/conocenos\/"]}]},{"@type":"ImageObject","inLanguage":"es","@id":"https:\/\/centrotierradetodos.es\/fctdt\/conocenos\/#primaryimage","url":"https:\/\/centrotierradetodos.es\/fctdt\/wp-content\/uploads\/2021\/07\/20210716_tierra_de_todos_web_302.jpg","contentUrl":"https:\/\/centrotierradetodos.es\/fctdt\/wp-content\/uploads\/2021\/07\/20210716_tierra_de_todos_web_302.jpg","width":1600,"height":1077},{"@type":"WebSite","@id":"https:\/\/centrotierradetodos.es\/fctdt\/#website","url":"https:\/\/centrotierradetodos.es\/fctdt\/","name":"Fundaci\u00f3n Centro Tierra de Todos","description":"La Fundaci\u00f3n Centro Tierra de Todos es una entidad sin \u00e1nimo de lucro, dedicada a la atenci\u00f3n de los j\u00f3venes, de los inmigrantes y de los barrios populares de la ciudad de C\u00e1diz, con el \u00e1nimo de promover un ambicioso proyecto que facilite la igualdad de oportunidades y la promoci\u00f3n y cualificaci\u00f3n de todas estas personas y de todo su entorno social.","publisher":{"@id":"https:\/\/centrotierradetodos.es\/fctdt\/#organization"},"potentialAction":[{"@type":"SearchAction","target":{"@type":"EntryPoint","urlTemplate":"https:\/\/centrotierradetodos.es\/fctdt\/?s={search_term_string}"},"query-input":{"@type":"PropertyValueSpecification","valueRequired":true,"valueName":"search_term_string"}}],"inLanguage":"es"},{"@type":"Organization","@id":"https:\/\/centrotierradetodos.es\/fctdt\/#organization","name":"Fundaci\u00f3n Centro Tierra de Todos","url":"https:\/\/centrotierradetodos.es\/fctdt\/","logo":{"@type":"ImageObject","inLanguage":"es","@id":"https:\/\/centrotierradetodos.es\/fctdt\/#\/schema\/logo\/image\/","url":"https:\/\/centrotierradetodos.es\/fctdt\/wp-content\/uploads\/2021\/03\/cropped-logo_tierra_todos_470x210-1.jpg","contentUrl":"https:\/\/centrotierradetodos.es\/fctdt\/wp-content\/uploads\/2021\/03\/cropped-logo_tierra_todos_470x210-1.jpg","width":470,"height":210,"caption":"Fundaci\u00f3n Centro Tierra de Todos"},"image":{"@id":"https:\/\/centrotierradetodos.es\/fctdt\/#\/schema\/logo\/image\/"},"sameAs":["https:\/\/www.facebook.com\/p\/Cardijn-Tierra-de-Todos-Migraciones-100091817239433\/"]}]}},"jetpack_sharing_enabled":true,"_links":{"self":[{"href":"https:\/\/centrotierradetodos.es\/fctdt\/wp-json\/wp\/v2\/pages\/91","targetHints":{"allow":["GET"]}}],"collection":[{"href":"https:\/\/centrotierradetodos.es\/fctdt\/wp-json\/wp\/v2\/pages"}],"about":[{"href":"https:\/\/centrotierradetodos.es\/fctdt\/wp-json\/wp\/v2\/types\/page"}],"author":[{"embeddable":true,"href":"https:\/\/centrotierradetodos.es\/fctdt\/wp-json\/wp\/v2\/users\/1"}],"replies":[{"embeddable":true,"href":"https:\/\/centrotierradetodos.es\/fctdt\/wp-json\/wp\/v2\/comments?post=91"}],"version-history":[{"count":1,"href":"https:\/\/centrotierradetodos.es\/fctdt\/wp-json\/wp\/v2\/pages\/91\/revisions"}],"predecessor-version":[{"id":408,"href":"https:\/\/centrotierradetodos.es\/fctdt\/wp-json\/wp\/v2\/pages\/91\/revisions\/408"}],"wp:attachment":[{"href":"https:\/\/centrotierradetodos.es\/fctdt\/wp-json\/wp\/v2\/media?parent=91"}],"curies":[{"name":"wp","href":"https:\/\/api.w.org\/{rel}","templated":true}]}}