{"id":1948,"date":"2025-06-03T12:54:37","date_gmt":"2025-06-03T10:54:37","guid":{"rendered":"https:\/\/centrotierradetodos.es\/fctdt\/?page_id=1948"},"modified":"2025-06-03T12:56:56","modified_gmt":"2025-06-03T10:56:56","slug":"cooperacion-internacional","status":"publish","type":"page","link":"https:\/\/centrotierradetodos.es\/fctdt\/cooperacion-internacional\/","title":{"rendered":"Cooperaci\u00f3n Internacional"},"content":{"rendered":"\n<figure class=\"wp-block-pullquote\"><blockquote><p><strong>Durante el a\u00f1o 2024, 846 personas tuvieron acceso a servicios de higiene (ducha, lavander\u00eda, ropa), y se distribuyeron total de 1.197 materiales de primera necesidad.<\/strong><\/p><\/blockquote><\/figure>\n\n\n\n<p class=\"has-text-align-center is-style-info has-custom-transform\" style=\"text-transform:uppercase\"><strong>Asistencia y atenci\u00f3n a los migrantes subsaharianos en situaci\u00f3n de riesgo y exclusi\u00f3n social en el norte de marruecos<\/strong><\/p>\n\n\n\n<p>Asistencia y provisi\u00f3n de vestuario, calzado y ropa de abrigo a los inmigrantes en situaci\u00f3n de riesgo y exclusi\u00f3n social, as\u00ed como un servicio de duchas y lavander\u00eda. Todo ello en colaboraci\u00f3n con DDM (Delegaci\u00f3n Diocesana de Migraciones) del ARZOBISPADO de T\u00e1nger, situado en la Avda. Sidi Bouabid, 55 &#8211; destinado a los migrantes.<\/p>\n\n\n<div class=\"wp-block-image\">\n<figure class=\"aligncenter size-full\"><img loading=\"eager\" decoding=\"async\" width=\"988\" height=\"550\" src=\"https:\/\/centrotierradetodos.es\/fctdt\/wp-content\/uploads\/2025\/06\/coi1.jpg\" alt=\"\" class=\"wp-image-1949\" srcset=\"https:\/\/centrotierradetodos.es\/fctdt\/wp-content\/uploads\/2025\/06\/coi1.jpg 988w, https:\/\/centrotierradetodos.es\/fctdt\/wp-content\/uploads\/2025\/06\/coi1-300x167.jpg 300w, https:\/\/centrotierradetodos.es\/fctdt\/wp-content\/uploads\/2025\/06\/coi1-768x428.jpg 768w\" sizes=\"(max-width: 988px) 100vw, 988px\" \/><\/figure>\n<\/div>\n\n\n<p>La realizaci\u00f3n de acciones de asesoramiento y transmisi\u00f3n de conocimientos, con sesiones formativas e informativas, en coordinaci\u00f3n con la Delegaci\u00f3n de Migraciones de T\u00e1nger, dirigidas tanto a los t\u00e9cnicos y voluntarios de la Delegaci\u00f3n, como a los potenciales migrantes que se encuentran esperando para migrar, desde el enfoque de tres tem\u00e1ticas distintas:<\/p>\n\n\n\n<ul class=\"wp-block-list is-style-checkbox\">\n<li>Asesoramiento sobre la situaci\u00f3n jur\u00eddica y legalidad.<\/li>\n\n\n\n<li>Asesoramiento sobre la situaci\u00f3n social.<\/li>\n\n\n\n<li>Asesoramiento sobre la situaci\u00f3n laboral<\/li>\n<\/ul>\n\n\n<div class=\"wp-block-image\">\n<figure class=\"aligncenter size-full\"><img loading=\"lazy\" decoding=\"async\" width=\"627\" height=\"337\" src=\"https:\/\/centrotierradetodos.es\/fctdt\/wp-content\/uploads\/2025\/06\/coi2.png\" alt=\"\" class=\"wp-image-1951\" style=\"aspect-ratio:16\/9;object-fit:cover\" srcset=\"https:\/\/centrotierradetodos.es\/fctdt\/wp-content\/uploads\/2025\/06\/coi2.png 627w, https:\/\/centrotierradetodos.es\/fctdt\/wp-content\/uploads\/2025\/06\/coi2-300x161.png 300w\" sizes=\"auto, (max-width: 627px) 100vw, 627px\" \/><\/figure>\n<\/div>\n\n\n<p><\/p>\n\n\n\n<p class=\"has-text-align-center is-style-info\"><strong>PROYECTO DE COOPERACI\u00d3N EN KENIA, CONDADO DE KISERIAN<\/strong><\/p>\n\n\n\n<p>Un proyecto de continuidad que sigue complementando el&nbsp; trabajo que las Hermanas Terciarias del Reba\u00f1o de Mar\u00eda llevan a cabo en Kiserian desde el a\u00f1o 2012. En ese a\u00f1o, esta congregaci\u00f3n fund\u00f3 una fraternidad a tres kil\u00f3metros de Kiserian, dicha comunidad est\u00e1 constituida como <strong>Casa de Formaci\u00f3n y Centro de Rescate&nbsp; (Rescue Center).<\/strong><\/p>\n\n\n\n<p class=\"has-text-align-center is-style-info\"><strong>ACTUACIONES REALIZADAS EN 2024<\/strong><\/p>\n\n\n\n<p>Construcci\u00f3n de recintos cerrados y techados, que combatan las inclemencias del tiempo, para la seguridad, cr\u00eda y estancia de los animales propios, que proporcionan a la comunidad leche, carne y huevos.<\/p>\n\n\n<div class=\"wp-block-image\">\n<figure class=\"aligncenter size-full\"><img loading=\"lazy\" decoding=\"async\" width=\"945\" height=\"582\" src=\"https:\/\/centrotierradetodos.es\/fctdt\/wp-content\/uploads\/2025\/06\/coi3.png\" alt=\"\" class=\"wp-image-1952\" srcset=\"https:\/\/centrotierradetodos.es\/fctdt\/wp-content\/uploads\/2025\/06\/coi3.png 945w, https:\/\/centrotierradetodos.es\/fctdt\/wp-content\/uploads\/2025\/06\/coi3-300x185.png 300w, https:\/\/centrotierradetodos.es\/fctdt\/wp-content\/uploads\/2025\/06\/coi3-768x473.png 768w\" sizes=\"auto, (max-width: 945px) 100vw, 945px\" \/><\/figure>\n<\/div>\n\n\n<p>Realizaci\u00f3n de&nbsp; acciones de informaci\u00f3n y sensibilizaci\u00f3n en la provincia de C\u00e1diz para dar a conocer el proyecto.<\/p>\n\n\n\n<div class=\"wp-block-jetpack-tiled-gallery aligncenter is-style-rectangular\"><div class=\"\"><div class=\"tiled-gallery__gallery\"><div class=\"tiled-gallery__row\"><div class=\"tiled-gallery__col\" style=\"flex-basis:50.00000%\"><figure class=\"tiled-gallery__item\"><img decoding=\"async\" srcset=\"https:\/\/i0.wp.com\/centrotierradetodos.es\/fctdt\/wp-content\/uploads\/2025\/06\/coi5.png?strip=info&#038;w=600&#038;ssl=1 600w,https:\/\/i0.wp.com\/centrotierradetodos.es\/fctdt\/wp-content\/uploads\/2025\/06\/coi5.png?strip=info&#038;w=777&#038;ssl=1 777w\" alt=\"\" data-height=\"618\" data-id=\"1954\" data-link=\"https:\/\/centrotierradetodos.es\/fctdt\/?attachment_id=1954\" data-url=\"https:\/\/centrotierradetodos.es\/fctdt\/wp-content\/uploads\/2025\/06\/coi5.png\" data-width=\"777\" src=\"https:\/\/i0.wp.com\/centrotierradetodos.es\/fctdt\/wp-content\/uploads\/2025\/06\/coi5.png?ssl=1\" data-amp-layout=\"responsive\" tabindex=\"0\" role=\"button\" aria-label=\"Abrir la imagen 1 de 2 en pantalla completa\"\/><\/figure><\/div><div class=\"tiled-gallery__col\" style=\"flex-basis:50.00000%\"><figure class=\"tiled-gallery__item\"><img decoding=\"async\" srcset=\"https:\/\/i0.wp.com\/centrotierradetodos.es\/fctdt\/wp-content\/uploads\/2025\/06\/coi4.png?strip=info&#038;w=600&#038;ssl=1 600w,https:\/\/i0.wp.com\/centrotierradetodos.es\/fctdt\/wp-content\/uploads\/2025\/06\/coi4.png?strip=info&#038;w=802&#038;ssl=1 802w\" alt=\"\" data-height=\"637\" data-id=\"1953\" data-link=\"https:\/\/centrotierradetodos.es\/fctdt\/?attachment_id=1953\" data-url=\"https:\/\/centrotierradetodos.es\/fctdt\/wp-content\/uploads\/2025\/06\/coi4.png\" data-width=\"802\" src=\"https:\/\/i0.wp.com\/centrotierradetodos.es\/fctdt\/wp-content\/uploads\/2025\/06\/coi4.png?ssl=1\" data-amp-layout=\"responsive\" tabindex=\"0\" role=\"button\" aria-label=\"Abrir la imagen 2 de 2 en pantalla completa\"\/><\/figure><\/div><\/div><\/div><\/div><\/div>\n","protected":false},"excerpt":{"rendered":"<p>Durante el a\u00f1o 2024, 846 personas tuvieron acceso a servicios de higiene (ducha, lavander\u00eda, ropa), y se distribuyeron total de 1.197 materiales de primera necesidad. Asistencia y atenci\u00f3n a los migrantes subsaharianos en situaci\u00f3n de riesgo y exclusi\u00f3n social en el norte de marruecos Asistencia y provisi\u00f3n de vestuario, calzado y ropa de abrigo a<a class=\"more-link\" href=\"https:\/\/centrotierradetodos.es\/fctdt\/cooperacion-internacional\/\">Sigue leyendo <span class=\"screen-reader-text\">\u00abCooperaci\u00f3n Internacional\u00bb<\/span><\/a><\/p>\n","protected":false},"author":1,"featured_media":0,"parent":0,"menu_order":0,"comment_status":"closed","ping_status":"closed","template":"","meta":{"_editorskit_title_hidden":false,"_editorskit_reading_time":0,"_editorskit_is_block_options_detached":false,"_editorskit_block_options_position":"{}","_coblocks_attr":"","_coblocks_dimensions":"","_coblocks_responsive_height":"","_coblocks_accordion_ie_support":"","_monsterinsights_skip_tracking":false,"_monsterinsights_sitenote_active":false,"_monsterinsights_sitenote_note":"","_monsterinsights_sitenote_category":0,"footnotes":""},"class_list":["post-1948","page","type-page","status-publish","hentry","entry"],"yoast_head":"<!-- This site is optimized with the Yoast SEO plugin v27.4 - https:\/\/yoast.com\/product\/yoast-seo-wordpress\/ -->\n<title>Cooperaci\u00f3n Internacional - Fundaci\u00f3n Centro Tierra de Todos<\/title>\n<meta name=\"robots\" content=\"index, follow, max-snippet:-1, max-image-preview:large, max-video-preview:-1\" \/>\n<link rel=\"canonical\" href=\"https:\/\/centrotierradetodos.es\/fctdt\/cooperacion-internacional\/\" \/>\n<meta property=\"og:locale\" content=\"es_ES\" \/>\n<meta property=\"og:type\" content=\"article\" \/>\n<meta property=\"og:title\" content=\"Cooperaci\u00f3n Internacional - Fundaci\u00f3n Centro Tierra de Todos\" \/>\n<meta property=\"og:description\" content=\"Durante el a\u00f1o 2024, 846 personas tuvieron acceso a servicios de higiene (ducha, lavander\u00eda, ropa), y se distribuyeron total de 1.197 materiales de primera necesidad. Asistencia y atenci\u00f3n a los migrantes subsaharianos en situaci\u00f3n de riesgo y exclusi\u00f3n social en el norte de marruecos Asistencia y provisi\u00f3n de vestuario, calzado y ropa de abrigo aSigue leyendo &quot;Cooperaci\u00f3n Internacional&quot;\" \/>\n<meta property=\"og:url\" content=\"https:\/\/centrotierradetodos.es\/fctdt\/cooperacion-internacional\/\" \/>\n<meta property=\"og:site_name\" content=\"Fundaci\u00f3n Centro Tierra de Todos\" \/>\n<meta property=\"article:publisher\" content=\"https:\/\/www.facebook.com\/p\/Cardijn-Tierra-de-Todos-Migraciones-100091817239433\/\" \/>\n<meta property=\"article:modified_time\" content=\"2025-06-03T10:56:56+00:00\" \/>\n<meta property=\"og:image\" content=\"https:\/\/centrotierradetodos.es\/fctdt\/wp-content\/uploads\/2025\/06\/coi1.jpg\" \/>\n\t<meta property=\"og:image:width\" content=\"988\" \/>\n\t<meta property=\"og:image:height\" content=\"550\" \/>\n\t<meta property=\"og:image:type\" content=\"image\/jpeg\" \/>\n<meta name=\"twitter:card\" content=\"summary_large_image\" \/>\n<meta name=\"twitter:label1\" content=\"Tiempo de lectura\" \/>\n\t<meta name=\"twitter:data1\" content=\"2 minutos\" \/>\n<script type=\"application\/ld+json\" class=\"yoast-schema-graph\">{\"@context\":\"https:\\\/\\\/schema.org\",\"@graph\":[{\"@type\":\"WebPage\",\"@id\":\"https:\\\/\\\/centrotierradetodos.es\\\/fctdt\\\/cooperacion-internacional\\\/\",\"url\":\"https:\\\/\\\/centrotierradetodos.es\\\/fctdt\\\/cooperacion-internacional\\\/\",\"name\":\"Cooperaci\u00f3n Internacional - Fundaci\u00f3n Centro Tierra de Todos\",\"isPartOf\":{\"@id\":\"https:\\\/\\\/centrotierradetodos.es\\\/fctdt\\\/#website\"},\"primaryImageOfPage\":{\"@id\":\"https:\\\/\\\/centrotierradetodos.es\\\/fctdt\\\/cooperacion-internacional\\\/#primaryimage\"},\"image\":{\"@id\":\"https:\\\/\\\/centrotierradetodos.es\\\/fctdt\\\/cooperacion-internacional\\\/#primaryimage\"},\"thumbnailUrl\":\"https:\\\/\\\/centrotierradetodos.es\\\/fctdt\\\/wp-content\\\/uploads\\\/2025\\\/06\\\/coi1.jpg\",\"datePublished\":\"2025-06-03T10:54:37+00:00\",\"dateModified\":\"2025-06-03T10:56:56+00:00\",\"breadcrumb\":{\"@id\":\"https:\\\/\\\/centrotierradetodos.es\\\/fctdt\\\/cooperacion-internacional\\\/#breadcrumb\"},\"inLanguage\":\"es\",\"potentialAction\":[{\"@type\":\"ReadAction\",\"target\":[\"https:\\\/\\\/centrotierradetodos.es\\\/fctdt\\\/cooperacion-internacional\\\/\"]}]},{\"@type\":\"ImageObject\",\"inLanguage\":\"es\",\"@id\":\"https:\\\/\\\/centrotierradetodos.es\\\/fctdt\\\/cooperacion-internacional\\\/#primaryimage\",\"url\":\"https:\\\/\\\/centrotierradetodos.es\\\/fctdt\\\/wp-content\\\/uploads\\\/2025\\\/06\\\/coi1.jpg\",\"contentUrl\":\"https:\\\/\\\/centrotierradetodos.es\\\/fctdt\\\/wp-content\\\/uploads\\\/2025\\\/06\\\/coi1.jpg\",\"width\":988,\"height\":550},{\"@type\":\"BreadcrumbList\",\"@id\":\"https:\\\/\\\/centrotierradetodos.es\\\/fctdt\\\/cooperacion-internacional\\\/#breadcrumb\",\"itemListElement\":[{\"@type\":\"ListItem\",\"position\":1,\"name\":\"Portada\",\"item\":\"https:\\\/\\\/centrotierradetodos.es\\\/fctdt\\\/\"},{\"@type\":\"ListItem\",\"position\":2,\"name\":\"Cooperaci\u00f3n Internacional\"}]},{\"@type\":\"WebSite\",\"@id\":\"https:\\\/\\\/centrotierradetodos.es\\\/fctdt\\\/#website\",\"url\":\"https:\\\/\\\/centrotierradetodos.es\\\/fctdt\\\/\",\"name\":\"Fundaci\u00f3n Centro Tierra de Todos\",\"description\":\"La Fundaci\u00f3n Centro Tierra de Todos es una entidad sin \u00e1nimo de lucro, dedicada a la atenci\u00f3n de los j\u00f3venes, de los inmigrantes y de los barrios populares de la ciudad de C\u00e1diz, con el \u00e1nimo de promover un ambicioso proyecto que facilite la igualdad de oportunidades y la promoci\u00f3n y cualificaci\u00f3n de todas estas personas y de todo su entorno social.\",\"publisher\":{\"@id\":\"https:\\\/\\\/centrotierradetodos.es\\\/fctdt\\\/#organization\"},\"potentialAction\":[{\"@type\":\"SearchAction\",\"target\":{\"@type\":\"EntryPoint\",\"urlTemplate\":\"https:\\\/\\\/centrotierradetodos.es\\\/fctdt\\\/?s={search_term_string}\"},\"query-input\":{\"@type\":\"PropertyValueSpecification\",\"valueRequired\":true,\"valueName\":\"search_term_string\"}}],\"inLanguage\":\"es\"},{\"@type\":\"Organization\",\"@id\":\"https:\\\/\\\/centrotierradetodos.es\\\/fctdt\\\/#organization\",\"name\":\"Fundaci\u00f3n Centro Tierra de Todos\",\"url\":\"https:\\\/\\\/centrotierradetodos.es\\\/fctdt\\\/\",\"logo\":{\"@type\":\"ImageObject\",\"inLanguage\":\"es\",\"@id\":\"https:\\\/\\\/centrotierradetodos.es\\\/fctdt\\\/#\\\/schema\\\/logo\\\/image\\\/\",\"url\":\"https:\\\/\\\/centrotierradetodos.es\\\/fctdt\\\/wp-content\\\/uploads\\\/2021\\\/03\\\/cropped-logo_tierra_todos_470x210-1.jpg\",\"contentUrl\":\"https:\\\/\\\/centrotierradetodos.es\\\/fctdt\\\/wp-content\\\/uploads\\\/2021\\\/03\\\/cropped-logo_tierra_todos_470x210-1.jpg\",\"width\":470,\"height\":210,\"caption\":\"Fundaci\u00f3n Centro Tierra de Todos\"},\"image\":{\"@id\":\"https:\\\/\\\/centrotierradetodos.es\\\/fctdt\\\/#\\\/schema\\\/logo\\\/image\\\/\"},\"sameAs\":[\"https:\\\/\\\/www.facebook.com\\\/p\\\/Cardijn-Tierra-de-Todos-Migraciones-100091817239433\\\/\"]}]}<\/script>\n<!-- \/ Yoast SEO plugin. -->","yoast_head_json":{"title":"Cooperaci\u00f3n Internacional - Fundaci\u00f3n Centro Tierra de Todos","robots":{"index":"index","follow":"follow","max-snippet":"max-snippet:-1","max-image-preview":"max-image-preview:large","max-video-preview":"max-video-preview:-1"},"canonical":"https:\/\/centrotierradetodos.es\/fctdt\/cooperacion-internacional\/","og_locale":"es_ES","og_type":"article","og_title":"Cooperaci\u00f3n Internacional - Fundaci\u00f3n Centro Tierra de Todos","og_description":"Durante el a\u00f1o 2024, 846 personas tuvieron acceso a servicios de higiene (ducha, lavander\u00eda, ropa), y se distribuyeron total de 1.197 materiales de primera necesidad. Asistencia y atenci\u00f3n a los migrantes subsaharianos en situaci\u00f3n de riesgo y exclusi\u00f3n social en el norte de marruecos Asistencia y provisi\u00f3n de vestuario, calzado y ropa de abrigo aSigue leyendo \"Cooperaci\u00f3n Internacional\"","og_url":"https:\/\/centrotierradetodos.es\/fctdt\/cooperacion-internacional\/","og_site_name":"Fundaci\u00f3n Centro Tierra de Todos","article_publisher":"https:\/\/www.facebook.com\/p\/Cardijn-Tierra-de-Todos-Migraciones-100091817239433\/","article_modified_time":"2025-06-03T10:56:56+00:00","og_image":[{"width":988,"height":550,"url":"https:\/\/centrotierradetodos.es\/fctdt\/wp-content\/uploads\/2025\/06\/coi1.jpg","type":"image\/jpeg"}],"twitter_card":"summary_large_image","twitter_misc":{"Tiempo de lectura":"2 minutos"},"schema":{"@context":"https:\/\/schema.org","@graph":[{"@type":"WebPage","@id":"https:\/\/centrotierradetodos.es\/fctdt\/cooperacion-internacional\/","url":"https:\/\/centrotierradetodos.es\/fctdt\/cooperacion-internacional\/","name":"Cooperaci\u00f3n Internacional - Fundaci\u00f3n Centro Tierra de Todos","isPartOf":{"@id":"https:\/\/centrotierradetodos.es\/fctdt\/#website"},"primaryImageOfPage":{"@id":"https:\/\/centrotierradetodos.es\/fctdt\/cooperacion-internacional\/#primaryimage"},"image":{"@id":"https:\/\/centrotierradetodos.es\/fctdt\/cooperacion-internacional\/#primaryimage"},"thumbnailUrl":"https:\/\/centrotierradetodos.es\/fctdt\/wp-content\/uploads\/2025\/06\/coi1.jpg","datePublished":"2025-06-03T10:54:37+00:00","dateModified":"2025-06-03T10:56:56+00:00","breadcrumb":{"@id":"https:\/\/centrotierradetodos.es\/fctdt\/cooperacion-internacional\/#breadcrumb"},"inLanguage":"es","potentialAction":[{"@type":"ReadAction","target":["https:\/\/centrotierradetodos.es\/fctdt\/cooperacion-internacional\/"]}]},{"@type":"ImageObject","inLanguage":"es","@id":"https:\/\/centrotierradetodos.es\/fctdt\/cooperacion-internacional\/#primaryimage","url":"https:\/\/centrotierradetodos.es\/fctdt\/wp-content\/uploads\/2025\/06\/coi1.jpg","contentUrl":"https:\/\/centrotierradetodos.es\/fctdt\/wp-content\/uploads\/2025\/06\/coi1.jpg","width":988,"height":550},{"@type":"BreadcrumbList","@id":"https:\/\/centrotierradetodos.es\/fctdt\/cooperacion-internacional\/#breadcrumb","itemListElement":[{"@type":"ListItem","position":1,"name":"Portada","item":"https:\/\/centrotierradetodos.es\/fctdt\/"},{"@type":"ListItem","position":2,"name":"Cooperaci\u00f3n Internacional"}]},{"@type":"WebSite","@id":"https:\/\/centrotierradetodos.es\/fctdt\/#website","url":"https:\/\/centrotierradetodos.es\/fctdt\/","name":"Fundaci\u00f3n Centro Tierra de Todos","description":"La Fundaci\u00f3n Centro Tierra de Todos es una entidad sin \u00e1nimo de lucro, dedicada a la atenci\u00f3n de los j\u00f3venes, de los inmigrantes y de los barrios populares de la ciudad de C\u00e1diz, con el \u00e1nimo de promover un ambicioso proyecto que facilite la igualdad de oportunidades y la promoci\u00f3n y cualificaci\u00f3n de todas estas personas y de todo su entorno social.","publisher":{"@id":"https:\/\/centrotierradetodos.es\/fctdt\/#organization"},"potentialAction":[{"@type":"SearchAction","target":{"@type":"EntryPoint","urlTemplate":"https:\/\/centrotierradetodos.es\/fctdt\/?s={search_term_string}"},"query-input":{"@type":"PropertyValueSpecification","valueRequired":true,"valueName":"search_term_string"}}],"inLanguage":"es"},{"@type":"Organization","@id":"https:\/\/centrotierradetodos.es\/fctdt\/#organization","name":"Fundaci\u00f3n Centro Tierra de Todos","url":"https:\/\/centrotierradetodos.es\/fctdt\/","logo":{"@type":"ImageObject","inLanguage":"es","@id":"https:\/\/centrotierradetodos.es\/fctdt\/#\/schema\/logo\/image\/","url":"https:\/\/centrotierradetodos.es\/fctdt\/wp-content\/uploads\/2021\/03\/cropped-logo_tierra_todos_470x210-1.jpg","contentUrl":"https:\/\/centrotierradetodos.es\/fctdt\/wp-content\/uploads\/2021\/03\/cropped-logo_tierra_todos_470x210-1.jpg","width":470,"height":210,"caption":"Fundaci\u00f3n Centro Tierra de Todos"},"image":{"@id":"https:\/\/centrotierradetodos.es\/fctdt\/#\/schema\/logo\/image\/"},"sameAs":["https:\/\/www.facebook.com\/p\/Cardijn-Tierra-de-Todos-Migraciones-100091817239433\/"]}]}},"jetpack_sharing_enabled":true,"_links":{"self":[{"href":"https:\/\/centrotierradetodos.es\/fctdt\/wp-json\/wp\/v2\/pages\/1948","targetHints":{"allow":["GET"]}}],"collection":[{"href":"https:\/\/centrotierradetodos.es\/fctdt\/wp-json\/wp\/v2\/pages"}],"about":[{"href":"https:\/\/centrotierradetodos.es\/fctdt\/wp-json\/wp\/v2\/types\/page"}],"author":[{"embeddable":true,"href":"https:\/\/centrotierradetodos.es\/fctdt\/wp-json\/wp\/v2\/users\/1"}],"replies":[{"embeddable":true,"href":"https:\/\/centrotierradetodos.es\/fctdt\/wp-json\/wp\/v2\/comments?post=1948"}],"version-history":[{"count":2,"href":"https:\/\/centrotierradetodos.es\/fctdt\/wp-json\/wp\/v2\/pages\/1948\/revisions"}],"predecessor-version":[{"id":1957,"href":"https:\/\/centrotierradetodos.es\/fctdt\/wp-json\/wp\/v2\/pages\/1948\/revisions\/1957"}],"wp:attachment":[{"href":"https:\/\/centrotierradetodos.es\/fctdt\/wp-json\/wp\/v2\/media?parent=1948"}],"curies":[{"name":"wp","href":"https:\/\/api.w.org\/{rel}","templated":true}]}}