{"id":1911,"date":"2025-05-22T10:19:11","date_gmt":"2025-05-22T08:19:11","guid":{"rendered":"https:\/\/centrotierradetodos.es\/fctdt\/?page_id=1911"},"modified":"2025-05-22T11:54:00","modified_gmt":"2025-05-22T09:54:00","slug":"area-de-informacion","status":"publish","type":"page","link":"https:\/\/centrotierradetodos.es\/fctdt\/area-de-informacion\/","title":{"rendered":"\u00c1rea de Informaci\u00f3n"},"content":{"rendered":"\n<p class=\"has-text-align-center is-style-info\"><strong> \u201cPUNTO DE ACOGIDA\u201d<\/strong><\/p>\n\n\n\n<figure class=\"wp-block-pullquote\"><blockquote><p>A la Fundaci\u00f3n Centro Tierra de Todos acuden anualmente una media de 3.000 usuarios.<\/p><\/blockquote><\/figure>\n\n\n\n<p style=\"border-style:none;border-width:0px\"><i class=\"icon fa fa-angle-double-right\" aria-hidden=\"true\"> <\/i><strong>ATENCI\u00d3N PERSONALIZADA<\/strong><\/p>\n\n\n\n<p>Que posibilita derivar a los usuarios a los distintos recursos especializados de la entidad:<\/p>\n\n\n\n<ul class=\"wp-block-list is-style-checkbox\">\n<li>Inmigrantes y sus familias.<\/li>\n\n\n\n<li>Familias de ni\u00f1os en situaci\u00f3n de vulnerabilidad.<\/li>\n\n\n\n<li>J\u00f3venes en situaci\u00f3n de riesgo.<\/li>\n\n\n\n<li>Adultos con carencias en materia de las nuevas tecnolog\u00edas de la Informaci\u00f3n.<\/li>\n\n\n\n<li>Personas en riesgo de exclusi\u00f3n social demandantes de empleo<\/li>\n\n\n\n<li>Demandantes, en general, que vienen interes\u00e1ndose por los recursos que ofrece TIERRA DE TODOS.<\/li>\n<\/ul>\n\n\n\n<p><\/p>\n\n\n\n<p><i class=\"icon fa fa-angle-double-right\" aria-hidden=\"true\"> <\/i><strong>OFERTAS DE EMPLEO Y FORMACI\u00d3N<\/strong><\/p>\n\n\n\n<p>B\u00fasqueda diaria, sistematizaci\u00f3n y colocaci\u00f3n en paneles informativos de todas las ofertas de empleo, locales, provinciales y nacionales, as\u00ed como las ofertas de formaci\u00f3n existentes en el momento.<\/p>\n\n\n\n<p><i class=\"icon fa fa-angle-double-right\" aria-hidden=\"true\"> <\/i><strong>SERVICIO DE BIBLIOTECA Y SALA DE ESTUDIOS<\/strong><\/p>\n\n\n\n<p>Un lugar tranquilo donde poder estudiar, hacer trabajos, leer y consultar libros y revistas de actualidad.<\/p>\n\n\n<div class=\"wp-block-image\">\n<figure class=\"aligncenter size-full\"><img loading=\"eager\" decoding=\"async\" width=\"781\" height=\"621\" src=\"https:\/\/centrotierradetodos.es\/fctdt\/wp-content\/uploads\/2025\/05\/ainformacion.jpg\" alt=\"\" class=\"wp-image-1912\" srcset=\"https:\/\/centrotierradetodos.es\/fctdt\/wp-content\/uploads\/2025\/05\/ainformacion.jpg 781w, https:\/\/centrotierradetodos.es\/fctdt\/wp-content\/uploads\/2025\/05\/ainformacion-300x239.jpg 300w, https:\/\/centrotierradetodos.es\/fctdt\/wp-content\/uploads\/2025\/05\/ainformacion-768x611.jpg 768w\" sizes=\"(max-width: 781px) 100vw, 781px\" \/><\/figure>\n<\/div>\n\n\n<blockquote class=\"wp-block-quote is-layout-flow wp-block-quote-is-layout-flow\">\n<p><\/p>\n<\/blockquote>\n\n\n\n<p><\/p>\n","protected":false},"excerpt":{"rendered":"<p>\u201cPUNTO DE ACOGIDA\u201d A la Fundaci\u00f3n Centro Tierra de Todos acuden anualmente una media de 3.000 usuarios. ATENCI\u00d3N PERSONALIZADA Que posibilita derivar a los usuarios a los distintos recursos especializados de la entidad: OFERTAS DE EMPLEO Y FORMACI\u00d3N B\u00fasqueda diaria, sistematizaci\u00f3n y colocaci\u00f3n en paneles informativos de todas las ofertas de empleo, locales, provinciales y<a class=\"more-link\" href=\"https:\/\/centrotierradetodos.es\/fctdt\/area-de-informacion\/\">Sigue leyendo <span class=\"screen-reader-text\">\u00ab\u00c1rea de Informaci\u00f3n\u00bb<\/span><\/a><\/p>\n","protected":false},"author":1,"featured_media":0,"parent":0,"menu_order":0,"comment_status":"closed","ping_status":"closed","template":"","meta":{"_editorskit_title_hidden":false,"_editorskit_reading_time":0,"_editorskit_is_block_options_detached":false,"_editorskit_block_options_position":"{}","_coblocks_attr":"","_coblocks_dimensions":"","_coblocks_responsive_height":"","_coblocks_accordion_ie_support":"","_monsterinsights_skip_tracking":false,"_monsterinsights_sitenote_active":false,"_monsterinsights_sitenote_note":"","_monsterinsights_sitenote_category":0,"footnotes":""},"class_list":["post-1911","page","type-page","status-publish","hentry","entry"],"yoast_head":"<!-- This site is optimized with the Yoast SEO plugin v27.4 - https:\/\/yoast.com\/product\/yoast-seo-wordpress\/ -->\n<title>\u00c1rea de Informaci\u00f3n - Fundaci\u00f3n Centro Tierra de Todos<\/title>\n<meta name=\"robots\" content=\"index, follow, max-snippet:-1, max-image-preview:large, max-video-preview:-1\" \/>\n<link rel=\"canonical\" href=\"https:\/\/centrotierradetodos.es\/fctdt\/area-de-informacion\/\" \/>\n<meta property=\"og:locale\" content=\"es_ES\" \/>\n<meta property=\"og:type\" content=\"article\" \/>\n<meta property=\"og:title\" content=\"\u00c1rea de Informaci\u00f3n - Fundaci\u00f3n Centro Tierra de Todos\" \/>\n<meta property=\"og:description\" content=\"\u201cPUNTO DE ACOGIDA\u201d A la Fundaci\u00f3n Centro Tierra de Todos acuden anualmente una media de 3.000 usuarios. ATENCI\u00d3N PERSONALIZADA Que posibilita derivar a los usuarios a los distintos recursos especializados de la entidad: OFERTAS DE EMPLEO Y FORMACI\u00d3N B\u00fasqueda diaria, sistematizaci\u00f3n y colocaci\u00f3n en paneles informativos de todas las ofertas de empleo, locales, provinciales ySigue leyendo &quot;\u00c1rea de Informaci\u00f3n&quot;\" \/>\n<meta property=\"og:url\" content=\"https:\/\/centrotierradetodos.es\/fctdt\/area-de-informacion\/\" \/>\n<meta property=\"og:site_name\" content=\"Fundaci\u00f3n Centro Tierra de Todos\" \/>\n<meta property=\"article:publisher\" content=\"https:\/\/www.facebook.com\/p\/Cardijn-Tierra-de-Todos-Migraciones-100091817239433\/\" \/>\n<meta property=\"article:modified_time\" content=\"2025-05-22T09:54:00+00:00\" \/>\n<meta property=\"og:image\" content=\"https:\/\/centrotierradetodos.es\/fctdt\/wp-content\/uploads\/2025\/05\/ainformacion.jpg\" \/>\n\t<meta property=\"og:image:width\" content=\"781\" \/>\n\t<meta property=\"og:image:height\" content=\"621\" \/>\n\t<meta property=\"og:image:type\" content=\"image\/jpeg\" \/>\n<meta name=\"twitter:card\" content=\"summary_large_image\" \/>\n<meta name=\"twitter:label1\" content=\"Tiempo de lectura\" \/>\n\t<meta name=\"twitter:data1\" content=\"1 minuto\" \/>\n<script type=\"application\/ld+json\" class=\"yoast-schema-graph\">{\"@context\":\"https:\\\/\\\/schema.org\",\"@graph\":[{\"@type\":\"WebPage\",\"@id\":\"https:\\\/\\\/centrotierradetodos.es\\\/fctdt\\\/area-de-informacion\\\/\",\"url\":\"https:\\\/\\\/centrotierradetodos.es\\\/fctdt\\\/area-de-informacion\\\/\",\"name\":\"\u00c1rea de Informaci\u00f3n - Fundaci\u00f3n Centro Tierra de Todos\",\"isPartOf\":{\"@id\":\"https:\\\/\\\/centrotierradetodos.es\\\/fctdt\\\/#website\"},\"primaryImageOfPage\":{\"@id\":\"https:\\\/\\\/centrotierradetodos.es\\\/fctdt\\\/area-de-informacion\\\/#primaryimage\"},\"image\":{\"@id\":\"https:\\\/\\\/centrotierradetodos.es\\\/fctdt\\\/area-de-informacion\\\/#primaryimage\"},\"thumbnailUrl\":\"https:\\\/\\\/centrotierradetodos.es\\\/fctdt\\\/wp-content\\\/uploads\\\/2025\\\/05\\\/ainformacion.jpg\",\"datePublished\":\"2025-05-22T08:19:11+00:00\",\"dateModified\":\"2025-05-22T09:54:00+00:00\",\"breadcrumb\":{\"@id\":\"https:\\\/\\\/centrotierradetodos.es\\\/fctdt\\\/area-de-informacion\\\/#breadcrumb\"},\"inLanguage\":\"es\",\"potentialAction\":[{\"@type\":\"ReadAction\",\"target\":[\"https:\\\/\\\/centrotierradetodos.es\\\/fctdt\\\/area-de-informacion\\\/\"]}]},{\"@type\":\"ImageObject\",\"inLanguage\":\"es\",\"@id\":\"https:\\\/\\\/centrotierradetodos.es\\\/fctdt\\\/area-de-informacion\\\/#primaryimage\",\"url\":\"https:\\\/\\\/centrotierradetodos.es\\\/fctdt\\\/wp-content\\\/uploads\\\/2025\\\/05\\\/ainformacion.jpg\",\"contentUrl\":\"https:\\\/\\\/centrotierradetodos.es\\\/fctdt\\\/wp-content\\\/uploads\\\/2025\\\/05\\\/ainformacion.jpg\",\"width\":781,\"height\":621},{\"@type\":\"BreadcrumbList\",\"@id\":\"https:\\\/\\\/centrotierradetodos.es\\\/fctdt\\\/area-de-informacion\\\/#breadcrumb\",\"itemListElement\":[{\"@type\":\"ListItem\",\"position\":1,\"name\":\"Portada\",\"item\":\"https:\\\/\\\/centrotierradetodos.es\\\/fctdt\\\/\"},{\"@type\":\"ListItem\",\"position\":2,\"name\":\"\u00c1rea de Informaci\u00f3n\"}]},{\"@type\":\"WebSite\",\"@id\":\"https:\\\/\\\/centrotierradetodos.es\\\/fctdt\\\/#website\",\"url\":\"https:\\\/\\\/centrotierradetodos.es\\\/fctdt\\\/\",\"name\":\"Fundaci\u00f3n Centro Tierra de Todos\",\"description\":\"La Fundaci\u00f3n Centro Tierra de Todos es una entidad sin \u00e1nimo de lucro, dedicada a la atenci\u00f3n de los j\u00f3venes, de los inmigrantes y de los barrios populares de la ciudad de C\u00e1diz, con el \u00e1nimo de promover un ambicioso proyecto que facilite la igualdad de oportunidades y la promoci\u00f3n y cualificaci\u00f3n de todas estas personas y de todo su entorno social.\",\"publisher\":{\"@id\":\"https:\\\/\\\/centrotierradetodos.es\\\/fctdt\\\/#organization\"},\"potentialAction\":[{\"@type\":\"SearchAction\",\"target\":{\"@type\":\"EntryPoint\",\"urlTemplate\":\"https:\\\/\\\/centrotierradetodos.es\\\/fctdt\\\/?s={search_term_string}\"},\"query-input\":{\"@type\":\"PropertyValueSpecification\",\"valueRequired\":true,\"valueName\":\"search_term_string\"}}],\"inLanguage\":\"es\"},{\"@type\":\"Organization\",\"@id\":\"https:\\\/\\\/centrotierradetodos.es\\\/fctdt\\\/#organization\",\"name\":\"Fundaci\u00f3n Centro Tierra de Todos\",\"url\":\"https:\\\/\\\/centrotierradetodos.es\\\/fctdt\\\/\",\"logo\":{\"@type\":\"ImageObject\",\"inLanguage\":\"es\",\"@id\":\"https:\\\/\\\/centrotierradetodos.es\\\/fctdt\\\/#\\\/schema\\\/logo\\\/image\\\/\",\"url\":\"https:\\\/\\\/centrotierradetodos.es\\\/fctdt\\\/wp-content\\\/uploads\\\/2021\\\/03\\\/cropped-logo_tierra_todos_470x210-1.jpg\",\"contentUrl\":\"https:\\\/\\\/centrotierradetodos.es\\\/fctdt\\\/wp-content\\\/uploads\\\/2021\\\/03\\\/cropped-logo_tierra_todos_470x210-1.jpg\",\"width\":470,\"height\":210,\"caption\":\"Fundaci\u00f3n Centro Tierra de Todos\"},\"image\":{\"@id\":\"https:\\\/\\\/centrotierradetodos.es\\\/fctdt\\\/#\\\/schema\\\/logo\\\/image\\\/\"},\"sameAs\":[\"https:\\\/\\\/www.facebook.com\\\/p\\\/Cardijn-Tierra-de-Todos-Migraciones-100091817239433\\\/\"]}]}<\/script>\n<!-- \/ Yoast SEO plugin. -->","yoast_head_json":{"title":"\u00c1rea de Informaci\u00f3n - Fundaci\u00f3n Centro Tierra de Todos","robots":{"index":"index","follow":"follow","max-snippet":"max-snippet:-1","max-image-preview":"max-image-preview:large","max-video-preview":"max-video-preview:-1"},"canonical":"https:\/\/centrotierradetodos.es\/fctdt\/area-de-informacion\/","og_locale":"es_ES","og_type":"article","og_title":"\u00c1rea de Informaci\u00f3n - Fundaci\u00f3n Centro Tierra de Todos","og_description":"\u201cPUNTO DE ACOGIDA\u201d A la Fundaci\u00f3n Centro Tierra de Todos acuden anualmente una media de 3.000 usuarios. ATENCI\u00d3N PERSONALIZADA Que posibilita derivar a los usuarios a los distintos recursos especializados de la entidad: OFERTAS DE EMPLEO Y FORMACI\u00d3N B\u00fasqueda diaria, sistematizaci\u00f3n y colocaci\u00f3n en paneles informativos de todas las ofertas de empleo, locales, provinciales ySigue leyendo \"\u00c1rea de Informaci\u00f3n\"","og_url":"https:\/\/centrotierradetodos.es\/fctdt\/area-de-informacion\/","og_site_name":"Fundaci\u00f3n Centro Tierra de Todos","article_publisher":"https:\/\/www.facebook.com\/p\/Cardijn-Tierra-de-Todos-Migraciones-100091817239433\/","article_modified_time":"2025-05-22T09:54:00+00:00","og_image":[{"width":781,"height":621,"url":"https:\/\/centrotierradetodos.es\/fctdt\/wp-content\/uploads\/2025\/05\/ainformacion.jpg","type":"image\/jpeg"}],"twitter_card":"summary_large_image","twitter_misc":{"Tiempo de lectura":"1 minuto"},"schema":{"@context":"https:\/\/schema.org","@graph":[{"@type":"WebPage","@id":"https:\/\/centrotierradetodos.es\/fctdt\/area-de-informacion\/","url":"https:\/\/centrotierradetodos.es\/fctdt\/area-de-informacion\/","name":"\u00c1rea de Informaci\u00f3n - Fundaci\u00f3n Centro Tierra de Todos","isPartOf":{"@id":"https:\/\/centrotierradetodos.es\/fctdt\/#website"},"primaryImageOfPage":{"@id":"https:\/\/centrotierradetodos.es\/fctdt\/area-de-informacion\/#primaryimage"},"image":{"@id":"https:\/\/centrotierradetodos.es\/fctdt\/area-de-informacion\/#primaryimage"},"thumbnailUrl":"https:\/\/centrotierradetodos.es\/fctdt\/wp-content\/uploads\/2025\/05\/ainformacion.jpg","datePublished":"2025-05-22T08:19:11+00:00","dateModified":"2025-05-22T09:54:00+00:00","breadcrumb":{"@id":"https:\/\/centrotierradetodos.es\/fctdt\/area-de-informacion\/#breadcrumb"},"inLanguage":"es","potentialAction":[{"@type":"ReadAction","target":["https:\/\/centrotierradetodos.es\/fctdt\/area-de-informacion\/"]}]},{"@type":"ImageObject","inLanguage":"es","@id":"https:\/\/centrotierradetodos.es\/fctdt\/area-de-informacion\/#primaryimage","url":"https:\/\/centrotierradetodos.es\/fctdt\/wp-content\/uploads\/2025\/05\/ainformacion.jpg","contentUrl":"https:\/\/centrotierradetodos.es\/fctdt\/wp-content\/uploads\/2025\/05\/ainformacion.jpg","width":781,"height":621},{"@type":"BreadcrumbList","@id":"https:\/\/centrotierradetodos.es\/fctdt\/area-de-informacion\/#breadcrumb","itemListElement":[{"@type":"ListItem","position":1,"name":"Portada","item":"https:\/\/centrotierradetodos.es\/fctdt\/"},{"@type":"ListItem","position":2,"name":"\u00c1rea de Informaci\u00f3n"}]},{"@type":"WebSite","@id":"https:\/\/centrotierradetodos.es\/fctdt\/#website","url":"https:\/\/centrotierradetodos.es\/fctdt\/","name":"Fundaci\u00f3n Centro Tierra de Todos","description":"La Fundaci\u00f3n Centro Tierra de Todos es una entidad sin \u00e1nimo de lucro, dedicada a la atenci\u00f3n de los j\u00f3venes, de los inmigrantes y de los barrios populares de la ciudad de C\u00e1diz, con el \u00e1nimo de promover un ambicioso proyecto que facilite la igualdad de oportunidades y la promoci\u00f3n y cualificaci\u00f3n de todas estas personas y de todo su entorno social.","publisher":{"@id":"https:\/\/centrotierradetodos.es\/fctdt\/#organization"},"potentialAction":[{"@type":"SearchAction","target":{"@type":"EntryPoint","urlTemplate":"https:\/\/centrotierradetodos.es\/fctdt\/?s={search_term_string}"},"query-input":{"@type":"PropertyValueSpecification","valueRequired":true,"valueName":"search_term_string"}}],"inLanguage":"es"},{"@type":"Organization","@id":"https:\/\/centrotierradetodos.es\/fctdt\/#organization","name":"Fundaci\u00f3n Centro Tierra de Todos","url":"https:\/\/centrotierradetodos.es\/fctdt\/","logo":{"@type":"ImageObject","inLanguage":"es","@id":"https:\/\/centrotierradetodos.es\/fctdt\/#\/schema\/logo\/image\/","url":"https:\/\/centrotierradetodos.es\/fctdt\/wp-content\/uploads\/2021\/03\/cropped-logo_tierra_todos_470x210-1.jpg","contentUrl":"https:\/\/centrotierradetodos.es\/fctdt\/wp-content\/uploads\/2021\/03\/cropped-logo_tierra_todos_470x210-1.jpg","width":470,"height":210,"caption":"Fundaci\u00f3n Centro Tierra de Todos"},"image":{"@id":"https:\/\/centrotierradetodos.es\/fctdt\/#\/schema\/logo\/image\/"},"sameAs":["https:\/\/www.facebook.com\/p\/Cardijn-Tierra-de-Todos-Migraciones-100091817239433\/"]}]}},"jetpack_sharing_enabled":true,"_links":{"self":[{"href":"https:\/\/centrotierradetodos.es\/fctdt\/wp-json\/wp\/v2\/pages\/1911","targetHints":{"allow":["GET"]}}],"collection":[{"href":"https:\/\/centrotierradetodos.es\/fctdt\/wp-json\/wp\/v2\/pages"}],"about":[{"href":"https:\/\/centrotierradetodos.es\/fctdt\/wp-json\/wp\/v2\/types\/page"}],"author":[{"embeddable":true,"href":"https:\/\/centrotierradetodos.es\/fctdt\/wp-json\/wp\/v2\/users\/1"}],"replies":[{"embeddable":true,"href":"https:\/\/centrotierradetodos.es\/fctdt\/wp-json\/wp\/v2\/comments?post=1911"}],"version-history":[{"count":4,"href":"https:\/\/centrotierradetodos.es\/fctdt\/wp-json\/wp\/v2\/pages\/1911\/revisions"}],"predecessor-version":[{"id":1934,"href":"https:\/\/centrotierradetodos.es\/fctdt\/wp-json\/wp\/v2\/pages\/1911\/revisions\/1934"}],"wp:attachment":[{"href":"https:\/\/centrotierradetodos.es\/fctdt\/wp-json\/wp\/v2\/media?parent=1911"}],"curies":[{"name":"wp","href":"https:\/\/api.w.org\/{rel}","templated":true}]}}