{"id":1890,"date":"2025-05-15T14:40:20","date_gmt":"2025-05-15T12:40:20","guid":{"rendered":"https:\/\/centrotierradetodos.es\/fctdt\/?page_id=1890"},"modified":"2025-06-03T13:21:12","modified_gmt":"2025-06-03T11:21:12","slug":"quienes-somos","status":"publish","type":"page","link":"https:\/\/centrotierradetodos.es\/fctdt\/quienes-somos\/","title":{"rendered":"Con\u00f3cenos"},"content":{"rendered":"\n<div class=\"wp-block-group is-nowrap is-layout-flex wp-container-core-group-is-layout-6c531013 wp-block-group-is-layout-flex\">\n<figure class=\"wp-block-image size-full is-style-rounded\"><img loading=\"eager\" decoding=\"async\" width=\"340\" height=\"340\" src=\"https:\/\/centrotierradetodos.es\/fctdt\/wp-content\/uploads\/2022\/12\/CASA-TDT.png\" alt=\"Fundaci\u00f3n Centro Tierra de Todos\" class=\"wp-image-1071\" srcset=\"https:\/\/centrotierradetodos.es\/fctdt\/wp-content\/uploads\/2022\/12\/CASA-TDT.png 340w, https:\/\/centrotierradetodos.es\/fctdt\/wp-content\/uploads\/2022\/12\/CASA-TDT-300x300.png 300w, https:\/\/centrotierradetodos.es\/fctdt\/wp-content\/uploads\/2022\/12\/CASA-TDT-150x150.png 150w, https:\/\/centrotierradetodos.es\/fctdt\/wp-content\/uploads\/2022\/12\/CASA-TDT-200x200.png 200w\" sizes=\"(max-width: 340px) 100vw, 340px\" \/><\/figure>\n\n\n\n<h2 class=\"wp-block-heading\">Con\u00f3cenos<\/h2>\n<\/div>\n\n\n\n<hr class=\"wp-block-separator has-alpha-channel-opacity\"\/>\n\n\n\n<h2 class=\"wp-block-heading has-secondary-background-color has-background\">\u00bfQui\u00e9nes somos?<\/h2>\n\n\n\n<p>La Fundaci\u00f3n Centro TIERRA DE TODOS es una entidad sin \u00e1nimo de lucro, con C.I.F. n\u00ba G-72174121, constituida en el a\u00f1o 2010 e inscrita en el Registro Nacional de Fundaciones dependiente del Ministerio de Justicia, con el n\u00famero 200SND.<\/p>\n\n\n\n<p>El domicilio social radica en C\u00e1diz, en la plaza de Fray F\u00e9lix, n\u00famero 5, pero su \u00e1mbito de actuaci\u00f3n es nacional, y desarrolla principalmente sus actividades en la Comunidad Aut\u00f3noma de Andaluc\u00eda, en la Ciudad Aut\u00f3noma de Ceuta, y en proyectos de Cooperaci\u00f3n con el norte de Marruecos.<\/p>\n\n\n\n<p>Aunque comienza su andadura en el a\u00f1o 2006, como Centro Socio Cultural Tierra de Todos, en el a\u00f1o 2010 se decide dar una mayor cobertura jur\u00eddica y organizativa a este proyecto con la constituci\u00f3n de la Fundaci\u00f3n Centro TIERRA de TODOS.<\/p>\n\n\n\n<p>La Fundaci\u00f3n Centro TIERRA DE TODOS procura trabajar con eficacia y eficiencia, y su labor es ampliamente reconocida tanto por los usuarios como por las distintas instituciones p\u00fablicas y privadas.<\/p>\n\n\n\n<p>Las memorias econ\u00f3micas y de actividades aportadas para la justificaci\u00f3n de subvenciones p\u00fablicas y\/o privadas obtienen una evaluaci\u00f3n satisfactoria de los controles financieros que desde el Ministerio, la Junta de Andaluc\u00eda, los distintos Ayuntamientos, la Exma. Diputaci\u00f3n Provincial de C\u00e1diz y otras Administraciones se vienen produciendo.<\/p>\n\n\n\n<hr class=\"wp-block-separator has-alpha-channel-opacity\"\/>\n\n\n\n<h2 class=\"wp-block-heading has-secondary-background-color has-background\">Tierra de todos:                un proyecto de integraci\u00f3n y de relaciones interculturales<\/h2>\n\n\n\n<p>El nombre de TIERRA DE TODOS simboliza e identifica tanto al proyecto y a los m\u00e9todos e instrumentos, como a los destinatarios: unas instalaciones con un conjunto de recursos materiales y humanos al servicio de la participaci\u00f3n y el protagonismo social de todos.<br>La finalidad social de este Centro est\u00e1 vinculada a proyectos y programas que generen nuevas expectativas en los barrios populares, en los j\u00f3venes y su entorno social y en la atenci\u00f3n directa del colectivo de los inmigrantes con la finalidad de promover su integraci\u00f3n social y laboral.<\/p>\n\n\n\n<hr class=\"wp-block-separator has-alpha-channel-opacity\"\/>\n\n\n\n<h2 class=\"wp-block-heading has-secondary-background-color has-background\">El objeto de la Fundaci\u00f3n<\/h2>\n\n\n\n<p class=\"has-background\" style=\"background-color:#c8d8ff\"><strong>Fines estatuarios de inter\u00e9s social.<\/strong><\/p>\n\n\n\n<ul class=\"wp-block-list is-style-checkbox\">\n<li>La promoci\u00f3n de la persona humana y de todos los valores que la dignifican.<\/li>\n\n\n\n<li>La atenci\u00f3n y promoci\u00f3n del bienestar de la infancia, la adolescencia y la juventud.<\/li>\n\n\n\n<li>La atenci\u00f3n y promoci\u00f3n de la mujer.<\/li>\n\n\n\n<li>La atenci\u00f3n y promoci\u00f3n de los inmigrantes.<\/li>\n\n\n\n<li>La promoci\u00f3n de actividades dirigidas a la integraci\u00f3n y rehabilitaci\u00f3n socio laboral de los colectivos m\u00e1s desprotegidos.<\/li>\n\n\n\n<li>La cooperaci\u00f3n internacional para el desarrollo.<\/li>\n\n\n\n<li>El fomento de los valores del encuentro, el di\u00e1logo, la relaci\u00f3n de concordia y de mutuo conocimiento entre los diversos pueblos, culturas y religiones desde la tolerancia y el respeto a la diversidad.<\/li>\n<\/ul>\n\n\n\n<p class=\"is-style-default has-background\" style=\"background-color:#c8d8ff\"><strong>Fines estatutarios de inter\u00e9s Cultural.<\/strong><\/p>\n\n\n\n<ul class=\"wp-block-list is-style-checkbox\">\n<li>La promoci\u00f3n y fomento o desarrollo de actividades destinadas a la ciudadan\u00eda.<\/li>\n\n\n\n<li>El fomento, est\u00edmulo, colaboraci\u00f3n y protecci\u00f3n de instituciones de car\u00e1cter educativo y cultural.<\/li>\n\n\n\n<li>La colaboraci\u00f3n en la defensa y conservaci\u00f3n del patrimonio hist\u00f3rico y cultural.<\/li>\n<\/ul>\n\n\n\n<h2 class=\"wp-block-heading is-style-default has-secondary-background-color has-background\"><strong>Principios rectores y ejes transversales que vertebran todas las actuaciones<\/strong><\/h2>\n\n\n\n<ul class=\"wp-block-list is-style-checkbox\">\n<li>Acompa\u00f1ar la vida de las personas.<\/li>\n\n\n\n<li>Potenciar los valores del encuentro, el di\u00e1logo y la relaci\u00f3n de concordia entre los diversos pueblos y culturas.<\/li>\n\n\n\n<li>La informaci\u00f3n, la formaci\u00f3n y la promoci\u00f3n de las personas.<\/li>\n\n\n\n<li><strong>Atenci\u00f3n y acompa\u00f1amiento pastoral<\/strong>.<\/li>\n<\/ul>\n\n\n\n<h2 class=\"wp-block-heading has-secondary-background-color has-background\"><strong>Medalla de Oro de la Provincia de C\u00e1diz<\/strong><\/h2>\n\n\n\n<p>La Fundaci\u00f3n Centro Tierra de Todos recibi\u00f3 en un acto celebrado el d\u00eda 19 de Marzo de 2011, la Medalla de Oro de la Provincia de C\u00e1diz, concedida por la Diputaci\u00f3n de C\u00e1diz, queriendo con ello destacar \u201cla valiosa labor de integraci\u00f3n social y de asistencia a la comunidad migrante\u201d.<\/p>\n\n\n\n<h2 class=\"wp-block-heading has-secondary-background-color has-background\"><strong>Voluntariado<\/strong><\/h2>\n\n\n\n<p>En la Fundaci\u00f3n colaboran unos 50 voluntarios, distribuidos por las diferentes \u00e1reas de actuaci\u00f3n, que desarrollan actividades, en coordinaci\u00f3n con los distintos responsables de cada una de ellas.<\/p>\n\n\n\n<h2 class=\"wp-block-heading has-secondary-background-color has-background\"><strong>Las migraciones y la gesti\u00f3n de la interculturalidad<\/strong><\/h2>\n\n\n\n<p>Dada nuestra ubicaci\u00f3n geogr\u00e1fica en la frontera sur de Europa y siendo la Provincia de C\u00e1diz y la Ciudad Aut\u00f3noma de Ceuta un lugar estrat\u00e9gico en el flujo de las migraciones entre el Continente Africano y Europa, la Fundaci\u00f3n ha priorizado un conjunto de programas para facilitar tanto la acogida de los inmigrantes m\u00e1s vulnerables, como la integraci\u00f3n de los residentes en nuestros pueblos y barrios, potenciando unas relaciones interculturales desde la cordialidad y el fomento de los valores del di\u00e1logo y el encuentro entre las personas y los pueblos.<\/p>\n\n\n\n<p>Es conocido de todos la tr\u00e1gica situaci\u00f3n que viven estas personas, en su mayor\u00eda africanos subsaharianos, que atraviesan el Estrecho o que intentan acceder por la frontera terrestre de Ceuta.<\/p>\n\n\n\n<h2 class=\"wp-block-heading has-secondary-background-color has-background\"><strong>Apuesta por los j\u00f3venes<\/strong><\/h2>\n\n\n\n<p>La atenci\u00f3n a los menores y a los j\u00f3venes, el fomento de programas dirigidos a su integraci\u00f3n e inclusi\u00f3n social, evitando el fracaso escolar y promoviendo su cualificaci\u00f3n, bien desde su reincorporaci\u00f3n al circuito educativo, bien desde el acceso a talleres y cursos de formaci\u00f3n laboral impartidos aqu\u00ed, ha sido una de las prioridades permanentes.<\/p>\n\n\n\n<hr class=\"wp-block-separator has-alpha-channel-opacity\"\/>\n\n\n\n<h2 class=\"wp-block-heading has-secondary-background-color has-background\">Programas y Servicios<\/h2>\n\n\n\n<p class=\"is-style-info\"><strong>\u00c1rea de Informaci\u00f3n. \u201cPunto de Acogida\u201d<\/strong><\/p>\n\n\n\n<ul class=\"wp-block-list is-style-checkbox\">\n<li>Atenci\u00f3n personalizada<\/li>\n\n\n\n<li>Ofertas de empleo y formaci\u00f3n<\/li>\n\n\n\n<li>Servicio de biblioteca y sala de estudios<\/li>\n<\/ul>\n\n\n\n<div class=\"wp-block-buttons is-content-justification-center is-layout-flex wp-container-core-buttons-is-layout-a89b3969 wp-block-buttons-is-layout-flex\">\n<div class=\"wp-block-button\"><a class=\"wp-block-button__link has-background wp-element-button\" href=\"https:\/\/centrotierradetodos.es\/fctdt\/area-de-informacion\/\" style=\"background-color:#65d033\">Saber m\u00e1s<\/a><\/div>\n<\/div>\n\n\n\n<p class=\"is-style-info\"><strong>\u00c1rea de Inmigraci\u00f3n: \u201cFomentar la Integraci\u00f3n de los Inmigrantes\u201d<\/strong><\/p>\n\n\n\n<ul class=\"wp-block-list is-style-checkbox\">\n<li>Servicio de atenci\u00f3n y orientaci\u00f3n social<\/li>\n\n\n\n<li>Servicio de asesoramiento jur\u00eddico<\/li>\n\n\n\n<li> Acividades formativas para la integraci\u00f3n<\/li>\n\n\n\n<li> Sensibilizaci\u00f3n<\/li>\n<\/ul>\n\n\n\n<div class=\"wp-block-buttons alignwide is-content-justification-center is-layout-flex wp-container-core-buttons-is-layout-a89b3969 wp-block-buttons-is-layout-flex\">\n<div class=\"wp-block-button\"><a class=\"wp-block-button__link has-background wp-element-button\" href=\"https:\/\/centrotierradetodos.es\/fctdt\/area-de-inmigracion\/\" style=\"background-color:#65d033\">Saber m\u00e1s<\/a><\/div>\n<\/div>\n\n\n\n<p class=\"is-style-info\"><strong>\u00c1rea de Juventud: \u201cAcompa\u00f1ar la Vida de los J\u00f3venes\u201d<\/strong><\/p>\n\n\n\n<ul class=\"wp-block-list is-style-checkbox\">\n<li>Programa de formaci\u00f3n pre-laboral<\/li>\n\n\n\n<li>Acompa\u00f1amiento y Motivaci\u00f3n para los estudios<\/li>\n<\/ul>\n\n\n\n<div class=\"wp-block-buttons is-content-justification-center is-layout-flex wp-container-core-buttons-is-layout-a89b3969 wp-block-buttons-is-layout-flex\">\n<div class=\"wp-block-button\"><a class=\"wp-block-button__link has-background wp-element-button\" href=\"https:\/\/centrotierradetodos.es\/fctdt\/juventud\/\" style=\"background-color:#65d033\">saber m\u00e1s<\/a><\/div>\n<\/div>\n\n\n\n<p class=\"is-style-info\"><strong>Acciones para la Erradicaci\u00f3n de la pobreza infantil en C\u00e1diz: \u201cCreciendo en Dignidad\u201d<\/strong><\/p>\n\n\n\n<ul class=\"wp-block-list is-style-checkbox\">\n<li>Clases de apoyo escolar.<\/li>\n\n\n\n<li>Talleres de ocio y tiempo libre<\/li>\n\n\n\n<li>Acompa\u00f1amiento a las familias.<\/li>\n\n\n\n<li>Otras actividades.<\/li>\n<\/ul>\n\n\n\n<div class=\"wp-block-buttons is-content-justification-center is-layout-flex wp-container-core-buttons-is-layout-a89b3969 wp-block-buttons-is-layout-flex\">\n<div class=\"wp-block-button\"><a class=\"wp-block-button__link has-background wp-element-button\" href=\"https:\/\/centrotierradetodos.es\/fctdt\/juventud\/\" style=\"background-color:#65d033\">saber m\u00e1s<\/a><\/div>\n<\/div>\n\n\n\n<p class=\"is-style-info\"><strong>Acciones de formaci\u00f3n en nuevas tecnolog\u00edas para adultos: \u201cNunca es Tarde\u201d.<\/strong><\/p>\n\n\n\n<ul class=\"wp-block-list is-style-checkbox\">\n<li>Atenci\u00f3n personalizada sobre el uso de las TIC<\/li>\n\n\n\n<li>Cursos de formaci\u00f3n en las TIC<\/li>\n<\/ul>\n\n\n\n<div class=\"wp-block-buttons is-content-justification-center is-layout-flex wp-container-core-buttons-is-layout-a89b3969 wp-block-buttons-is-layout-flex\">\n<div class=\"wp-block-button\"><a class=\"wp-block-button__link has-background wp-element-button\" href=\"https:\/\/centrotierradetodos.es\/fctdt\/nuevas-tic\/\" style=\"background-color:#65d033\">Saber m\u00e1s<\/a><\/div>\n<\/div>\n\n\n\n<p class=\"is-style-info\"><strong>Cooperaci\u00f3n Internacional<\/strong><\/p>\n\n\n\n<ul class=\"wp-block-list is-style-checkbox\">\n<li>Asistencia y atenci\u00f3n a los migrantes subsaharianos en situaci\u00f3n de riesgo y exclusi\u00f3n social en el norte de marruecos<\/li>\n\n\n\n<li>Proyecto de cooperaci\u00f3n en Kenia, condado de Kiserian<\/li>\n<\/ul>\n\n\n\n<div class=\"wp-block-buttons is-content-justification-center is-layout-flex wp-container-core-buttons-is-layout-a89b3969 wp-block-buttons-is-layout-flex\">\n<div class=\"wp-block-button\"><a class=\"wp-block-button__link has-background wp-element-button\" href=\"https:\/\/centrotierradetodos.es\/fctdt\/cooperacion-internacional\/\" style=\"background-color:#65d033\">saber m\u00e1s<\/a><\/div>\n<\/div>\n","protected":false},"excerpt":{"rendered":"<p>Con\u00f3cenos \u00bfQui\u00e9nes somos? La Fundaci\u00f3n Centro TIERRA DE TODOS es una entidad sin \u00e1nimo de lucro, con C.I.F. n\u00ba G-72174121, constituida en el a\u00f1o 2010 e inscrita en el Registro Nacional de Fundaciones dependiente del Ministerio de Justicia, con el n\u00famero 200SND. El domicilio social radica en C\u00e1diz, en la plaza de Fray F\u00e9lix, n\u00famero<a class=\"more-link\" href=\"https:\/\/centrotierradetodos.es\/fctdt\/quienes-somos\/\">Sigue leyendo <span class=\"screen-reader-text\">\u00abCon\u00f3cenos\u00bb<\/span><\/a><\/p>\n","protected":false},"author":1,"featured_media":0,"parent":0,"menu_order":0,"comment_status":"closed","ping_status":"closed","template":"","meta":{"_editorskit_title_hidden":true,"_editorskit_reading_time":0,"_editorskit_is_block_options_detached":false,"_editorskit_block_options_position":"{}","_coblocks_attr":"","_coblocks_dimensions":"","_coblocks_responsive_height":"","_coblocks_accordion_ie_support":"","_monsterinsights_skip_tracking":false,"_monsterinsights_sitenote_active":false,"_monsterinsights_sitenote_note":"","_monsterinsights_sitenote_category":0,"footnotes":""},"class_list":["post-1890","page","type-page","status-publish","hentry","entry"],"yoast_head":"<!-- This site is optimized with the Yoast SEO plugin v27.4 - https:\/\/yoast.com\/product\/yoast-seo-wordpress\/ -->\n<title>Con\u00f3cenos - Fundaci\u00f3n Centro Tierra de Todos<\/title>\n<meta name=\"robots\" content=\"index, follow, max-snippet:-1, max-image-preview:large, max-video-preview:-1\" \/>\n<link rel=\"canonical\" href=\"https:\/\/centrotierradetodos.es\/fctdt\/quienes-somos\/\" \/>\n<meta property=\"og:locale\" content=\"es_ES\" \/>\n<meta property=\"og:type\" content=\"article\" \/>\n<meta property=\"og:title\" content=\"Con\u00f3cenos - Fundaci\u00f3n Centro Tierra de Todos\" \/>\n<meta property=\"og:description\" content=\"Con\u00f3cenos \u00bfQui\u00e9nes somos? La Fundaci\u00f3n Centro TIERRA DE TODOS es una entidad sin \u00e1nimo de lucro, con C.I.F. n\u00ba G-72174121, constituida en el a\u00f1o 2010 e inscrita en el Registro Nacional de Fundaciones dependiente del Ministerio de Justicia, con el n\u00famero 200SND. El domicilio social radica en C\u00e1diz, en la plaza de Fray F\u00e9lix, n\u00fameroSigue leyendo &quot;Con\u00f3cenos&quot;\" \/>\n<meta property=\"og:url\" content=\"https:\/\/centrotierradetodos.es\/fctdt\/quienes-somos\/\" \/>\n<meta property=\"og:site_name\" content=\"Fundaci\u00f3n Centro Tierra de Todos\" \/>\n<meta property=\"article:publisher\" content=\"https:\/\/www.facebook.com\/p\/Cardijn-Tierra-de-Todos-Migraciones-100091817239433\/\" \/>\n<meta property=\"article:modified_time\" content=\"2025-06-03T11:21:12+00:00\" \/>\n<meta property=\"og:image\" content=\"https:\/\/centrotierradetodos.es\/fctdt\/wp-content\/uploads\/2022\/12\/CASA-TDT.png\" \/>\n\t<meta property=\"og:image:width\" content=\"340\" \/>\n\t<meta property=\"og:image:height\" content=\"340\" \/>\n\t<meta property=\"og:image:type\" content=\"image\/png\" \/>\n<meta name=\"twitter:card\" content=\"summary_large_image\" \/>\n<meta name=\"twitter:label1\" content=\"Tiempo de lectura\" \/>\n\t<meta name=\"twitter:data1\" content=\"5 minutos\" \/>\n<script type=\"application\/ld+json\" class=\"yoast-schema-graph\">{\"@context\":\"https:\\\/\\\/schema.org\",\"@graph\":[{\"@type\":\"WebPage\",\"@id\":\"https:\\\/\\\/centrotierradetodos.es\\\/fctdt\\\/quienes-somos\\\/\",\"url\":\"https:\\\/\\\/centrotierradetodos.es\\\/fctdt\\\/quienes-somos\\\/\",\"name\":\"Con\u00f3cenos - Fundaci\u00f3n Centro Tierra de Todos\",\"isPartOf\":{\"@id\":\"https:\\\/\\\/centrotierradetodos.es\\\/fctdt\\\/#website\"},\"primaryImageOfPage\":{\"@id\":\"https:\\\/\\\/centrotierradetodos.es\\\/fctdt\\\/quienes-somos\\\/#primaryimage\"},\"image\":{\"@id\":\"https:\\\/\\\/centrotierradetodos.es\\\/fctdt\\\/quienes-somos\\\/#primaryimage\"},\"thumbnailUrl\":\"https:\\\/\\\/centrotierradetodos.es\\\/fctdt\\\/wp-content\\\/uploads\\\/2022\\\/12\\\/CASA-TDT.png\",\"datePublished\":\"2025-05-15T12:40:20+00:00\",\"dateModified\":\"2025-06-03T11:21:12+00:00\",\"breadcrumb\":{\"@id\":\"https:\\\/\\\/centrotierradetodos.es\\\/fctdt\\\/quienes-somos\\\/#breadcrumb\"},\"inLanguage\":\"es\",\"potentialAction\":[{\"@type\":\"ReadAction\",\"target\":[\"https:\\\/\\\/centrotierradetodos.es\\\/fctdt\\\/quienes-somos\\\/\"]}]},{\"@type\":\"ImageObject\",\"inLanguage\":\"es\",\"@id\":\"https:\\\/\\\/centrotierradetodos.es\\\/fctdt\\\/quienes-somos\\\/#primaryimage\",\"url\":\"https:\\\/\\\/centrotierradetodos.es\\\/fctdt\\\/wp-content\\\/uploads\\\/2022\\\/12\\\/CASA-TDT.png\",\"contentUrl\":\"https:\\\/\\\/centrotierradetodos.es\\\/fctdt\\\/wp-content\\\/uploads\\\/2022\\\/12\\\/CASA-TDT.png\",\"width\":340,\"height\":340},{\"@type\":\"BreadcrumbList\",\"@id\":\"https:\\\/\\\/centrotierradetodos.es\\\/fctdt\\\/quienes-somos\\\/#breadcrumb\",\"itemListElement\":[{\"@type\":\"ListItem\",\"position\":1,\"name\":\"Portada\",\"item\":\"https:\\\/\\\/centrotierradetodos.es\\\/fctdt\\\/\"},{\"@type\":\"ListItem\",\"position\":2,\"name\":\"Con\u00f3cenos\"}]},{\"@type\":\"WebSite\",\"@id\":\"https:\\\/\\\/centrotierradetodos.es\\\/fctdt\\\/#website\",\"url\":\"https:\\\/\\\/centrotierradetodos.es\\\/fctdt\\\/\",\"name\":\"Fundaci\u00f3n Centro Tierra de Todos\",\"description\":\"La Fundaci\u00f3n Centro Tierra de Todos es una entidad sin \u00e1nimo de lucro, dedicada a la atenci\u00f3n de los j\u00f3venes, de los inmigrantes y de los barrios populares de la ciudad de C\u00e1diz, con el \u00e1nimo de promover un ambicioso proyecto que facilite la igualdad de oportunidades y la promoci\u00f3n y cualificaci\u00f3n de todas estas personas y de todo su entorno social.\",\"publisher\":{\"@id\":\"https:\\\/\\\/centrotierradetodos.es\\\/fctdt\\\/#organization\"},\"potentialAction\":[{\"@type\":\"SearchAction\",\"target\":{\"@type\":\"EntryPoint\",\"urlTemplate\":\"https:\\\/\\\/centrotierradetodos.es\\\/fctdt\\\/?s={search_term_string}\"},\"query-input\":{\"@type\":\"PropertyValueSpecification\",\"valueRequired\":true,\"valueName\":\"search_term_string\"}}],\"inLanguage\":\"es\"},{\"@type\":\"Organization\",\"@id\":\"https:\\\/\\\/centrotierradetodos.es\\\/fctdt\\\/#organization\",\"name\":\"Fundaci\u00f3n Centro Tierra de Todos\",\"url\":\"https:\\\/\\\/centrotierradetodos.es\\\/fctdt\\\/\",\"logo\":{\"@type\":\"ImageObject\",\"inLanguage\":\"es\",\"@id\":\"https:\\\/\\\/centrotierradetodos.es\\\/fctdt\\\/#\\\/schema\\\/logo\\\/image\\\/\",\"url\":\"https:\\\/\\\/centrotierradetodos.es\\\/fctdt\\\/wp-content\\\/uploads\\\/2021\\\/03\\\/cropped-logo_tierra_todos_470x210-1.jpg\",\"contentUrl\":\"https:\\\/\\\/centrotierradetodos.es\\\/fctdt\\\/wp-content\\\/uploads\\\/2021\\\/03\\\/cropped-logo_tierra_todos_470x210-1.jpg\",\"width\":470,\"height\":210,\"caption\":\"Fundaci\u00f3n Centro Tierra de Todos\"},\"image\":{\"@id\":\"https:\\\/\\\/centrotierradetodos.es\\\/fctdt\\\/#\\\/schema\\\/logo\\\/image\\\/\"},\"sameAs\":[\"https:\\\/\\\/www.facebook.com\\\/p\\\/Cardijn-Tierra-de-Todos-Migraciones-100091817239433\\\/\"]}]}<\/script>\n<!-- \/ Yoast SEO plugin. -->","yoast_head_json":{"title":"Con\u00f3cenos - Fundaci\u00f3n Centro Tierra de Todos","robots":{"index":"index","follow":"follow","max-snippet":"max-snippet:-1","max-image-preview":"max-image-preview:large","max-video-preview":"max-video-preview:-1"},"canonical":"https:\/\/centrotierradetodos.es\/fctdt\/quienes-somos\/","og_locale":"es_ES","og_type":"article","og_title":"Con\u00f3cenos - Fundaci\u00f3n Centro Tierra de Todos","og_description":"Con\u00f3cenos \u00bfQui\u00e9nes somos? La Fundaci\u00f3n Centro TIERRA DE TODOS es una entidad sin \u00e1nimo de lucro, con C.I.F. n\u00ba G-72174121, constituida en el a\u00f1o 2010 e inscrita en el Registro Nacional de Fundaciones dependiente del Ministerio de Justicia, con el n\u00famero 200SND. El domicilio social radica en C\u00e1diz, en la plaza de Fray F\u00e9lix, n\u00fameroSigue leyendo \"Con\u00f3cenos\"","og_url":"https:\/\/centrotierradetodos.es\/fctdt\/quienes-somos\/","og_site_name":"Fundaci\u00f3n Centro Tierra de Todos","article_publisher":"https:\/\/www.facebook.com\/p\/Cardijn-Tierra-de-Todos-Migraciones-100091817239433\/","article_modified_time":"2025-06-03T11:21:12+00:00","og_image":[{"width":340,"height":340,"url":"https:\/\/centrotierradetodos.es\/fctdt\/wp-content\/uploads\/2022\/12\/CASA-TDT.png","type":"image\/png"}],"twitter_card":"summary_large_image","twitter_misc":{"Tiempo de lectura":"5 minutos"},"schema":{"@context":"https:\/\/schema.org","@graph":[{"@type":"WebPage","@id":"https:\/\/centrotierradetodos.es\/fctdt\/quienes-somos\/","url":"https:\/\/centrotierradetodos.es\/fctdt\/quienes-somos\/","name":"Con\u00f3cenos - Fundaci\u00f3n Centro Tierra de Todos","isPartOf":{"@id":"https:\/\/centrotierradetodos.es\/fctdt\/#website"},"primaryImageOfPage":{"@id":"https:\/\/centrotierradetodos.es\/fctdt\/quienes-somos\/#primaryimage"},"image":{"@id":"https:\/\/centrotierradetodos.es\/fctdt\/quienes-somos\/#primaryimage"},"thumbnailUrl":"https:\/\/centrotierradetodos.es\/fctdt\/wp-content\/uploads\/2022\/12\/CASA-TDT.png","datePublished":"2025-05-15T12:40:20+00:00","dateModified":"2025-06-03T11:21:12+00:00","breadcrumb":{"@id":"https:\/\/centrotierradetodos.es\/fctdt\/quienes-somos\/#breadcrumb"},"inLanguage":"es","potentialAction":[{"@type":"ReadAction","target":["https:\/\/centrotierradetodos.es\/fctdt\/quienes-somos\/"]}]},{"@type":"ImageObject","inLanguage":"es","@id":"https:\/\/centrotierradetodos.es\/fctdt\/quienes-somos\/#primaryimage","url":"https:\/\/centrotierradetodos.es\/fctdt\/wp-content\/uploads\/2022\/12\/CASA-TDT.png","contentUrl":"https:\/\/centrotierradetodos.es\/fctdt\/wp-content\/uploads\/2022\/12\/CASA-TDT.png","width":340,"height":340},{"@type":"BreadcrumbList","@id":"https:\/\/centrotierradetodos.es\/fctdt\/quienes-somos\/#breadcrumb","itemListElement":[{"@type":"ListItem","position":1,"name":"Portada","item":"https:\/\/centrotierradetodos.es\/fctdt\/"},{"@type":"ListItem","position":2,"name":"Con\u00f3cenos"}]},{"@type":"WebSite","@id":"https:\/\/centrotierradetodos.es\/fctdt\/#website","url":"https:\/\/centrotierradetodos.es\/fctdt\/","name":"Fundaci\u00f3n Centro Tierra de Todos","description":"La Fundaci\u00f3n Centro Tierra de Todos es una entidad sin \u00e1nimo de lucro, dedicada a la atenci\u00f3n de los j\u00f3venes, de los inmigrantes y de los barrios populares de la ciudad de C\u00e1diz, con el \u00e1nimo de promover un ambicioso proyecto que facilite la igualdad de oportunidades y la promoci\u00f3n y cualificaci\u00f3n de todas estas personas y de todo su entorno social.","publisher":{"@id":"https:\/\/centrotierradetodos.es\/fctdt\/#organization"},"potentialAction":[{"@type":"SearchAction","target":{"@type":"EntryPoint","urlTemplate":"https:\/\/centrotierradetodos.es\/fctdt\/?s={search_term_string}"},"query-input":{"@type":"PropertyValueSpecification","valueRequired":true,"valueName":"search_term_string"}}],"inLanguage":"es"},{"@type":"Organization","@id":"https:\/\/centrotierradetodos.es\/fctdt\/#organization","name":"Fundaci\u00f3n Centro Tierra de Todos","url":"https:\/\/centrotierradetodos.es\/fctdt\/","logo":{"@type":"ImageObject","inLanguage":"es","@id":"https:\/\/centrotierradetodos.es\/fctdt\/#\/schema\/logo\/image\/","url":"https:\/\/centrotierradetodos.es\/fctdt\/wp-content\/uploads\/2021\/03\/cropped-logo_tierra_todos_470x210-1.jpg","contentUrl":"https:\/\/centrotierradetodos.es\/fctdt\/wp-content\/uploads\/2021\/03\/cropped-logo_tierra_todos_470x210-1.jpg","width":470,"height":210,"caption":"Fundaci\u00f3n Centro Tierra de Todos"},"image":{"@id":"https:\/\/centrotierradetodos.es\/fctdt\/#\/schema\/logo\/image\/"},"sameAs":["https:\/\/www.facebook.com\/p\/Cardijn-Tierra-de-Todos-Migraciones-100091817239433\/"]}]}},"jetpack_sharing_enabled":true,"_links":{"self":[{"href":"https:\/\/centrotierradetodos.es\/fctdt\/wp-json\/wp\/v2\/pages\/1890","targetHints":{"allow":["GET"]}}],"collection":[{"href":"https:\/\/centrotierradetodos.es\/fctdt\/wp-json\/wp\/v2\/pages"}],"about":[{"href":"https:\/\/centrotierradetodos.es\/fctdt\/wp-json\/wp\/v2\/types\/page"}],"author":[{"embeddable":true,"href":"https:\/\/centrotierradetodos.es\/fctdt\/wp-json\/wp\/v2\/users\/1"}],"replies":[{"embeddable":true,"href":"https:\/\/centrotierradetodos.es\/fctdt\/wp-json\/wp\/v2\/comments?post=1890"}],"version-history":[{"count":7,"href":"https:\/\/centrotierradetodos.es\/fctdt\/wp-json\/wp\/v2\/pages\/1890\/revisions"}],"predecessor-version":[{"id":1961,"href":"https:\/\/centrotierradetodos.es\/fctdt\/wp-json\/wp\/v2\/pages\/1890\/revisions\/1961"}],"wp:attachment":[{"href":"https:\/\/centrotierradetodos.es\/fctdt\/wp-json\/wp\/v2\/media?parent=1890"}],"curies":[{"name":"wp","href":"https:\/\/api.w.org\/{rel}","templated":true}]}}