{"id":98,"date":"2020-11-17T12:30:05","date_gmt":"2020-11-17T11:30:05","guid":{"rendered":"https:\/\/secretariadodemigraciones.wordpress.com\/?page_id=98"},"modified":"2020-11-17T12:30:05","modified_gmt":"2020-11-17T11:30:05","slug":"atencion-juridica","status":"publish","type":"page","link":"http:\/\/centrotierradetodos.es\/smc\/atencion-juridica\/","title":{"rendered":"Atenci\u00f3n Jur\u00eddica"},"content":{"rendered":"\n<p>El \u00c1rea de Atenci\u00f3n Jur\u00eddica tiene como objetivo fomentar el acceso y el mantenimiento de situaciones de regularidad documental de la persona inmigrante y su familia, con la finalidad de alcanzar una cierta estabilidad legal que permita consolidar y sostener su proyecto migratorio.<\/p>\n\n\n\n<p>La normativa en materia de extranjer\u00eda e inmigraci\u00f3n se caracteriza, entre otros, por tres factores: por una parte, por las continuas modificaciones y novedades que se van implementando, lo que exige un importante grado de especializaci\u00f3n; y por otra parte, por las exigencias de orden burocr\u00e1tico que dicha normativa impone, en relaci\u00f3n con la estrecha vinculaci\u00f3n que establece con la actividad laboral; finalmente, por un riguroso sistema sancionador, que puede dar al traste con un proyecto vital y familiar.<\/p>\n\n\n\n<p>Estas caracter\u00edsticas requieren de un servicio especializado y gratuito que pueda dar respuesta a las sucesivas y diferentes situaciones en las que una persona inmigrante y su familia puede encontrarse.<\/p>\n\n\n\n<p>A t\u00edtulo de ejemplo, se exponen a continuaci\u00f3n algunas de las actividades que se abordan desde el \u00e1rea de atenci\u00f3n jur\u00eddica:<\/p>\n\n\n\n<ul class=\"wp-block-list\"><li>Asesoramiento y gestiones en materia de visados<\/li><li>Asesoramiento para el acceso a la legalidad documental, incluido en arraigo en cualquiera de sus modalidades<\/li><li>Asesoramiento para la obtenci\u00f3n y renovaci\u00f3n de autorizaciones de residencia y trabajo<\/li><li>Asesoramiento en procesos de reagrupaci\u00f3n familiar<\/li><li>Asesoramiento para la adquisici\u00f3n de la nacionalidad espa\u00f1ola<\/li><li>Asesoramiento para la obtenci\u00f3n del certificado de registro y la tarjeta de familiar de ciudadano de la Uni\u00f3n Europea<\/li><li>Formulaci\u00f3n de alegaciones y recursos en expedientes sancionadores<\/li><li>Asesoramiento en materia de asilo y protecci\u00f3n internacional<\/li><li>Asesoramiento en materia de car\u00e1cter laboral<\/li><li>Informaci\u00f3n y asesoramiento colectivos<\/li><\/ul>\n\n\n\n<p>El tratamiento es totalmente individualizado y se intenta acomodar a las circunstancias personales del interesado, al objeto de que las dificultades personales o laborales no supongan un obst\u00e1culo en la obtenci\u00f3n de la informaci\u00f3n que precisa y requiere.<\/p>\n","protected":false},"excerpt":{"rendered":"<p>El \u00c1rea de Atenci\u00f3n Jur\u00eddica tiene como objetivo fomentar el acceso y el mantenimiento de situaciones de regularidad documental de la persona inmigrante y su familia, con la finalidad de alcanzar una cierta estabilidad legal que permita consolidar y sostener su proyecto migratorio. La normativa en materia de extranjer\u00eda e inmigraci\u00f3n se caracteriza, entre otros, por tres factores: por una parte, por las continuas modificaciones &hellip; <a href=\"http:\/\/centrotierradetodos.es\/smc\/atencion-juridica\/\" class=\"more-link\">Contin\u00faa leyendo <span class=\"screen-reader-text\">Atenci\u00f3n Jur\u00eddica<\/span><\/a><\/p>\n","protected":false},"author":1,"featured_media":0,"parent":0,"menu_order":0,"comment_status":"closed","ping_status":"closed","template":"","meta":{"_monsterinsights_skip_tracking":false,"_monsterinsights_sitenote_active":false,"_monsterinsights_sitenote_note":"","_monsterinsights_sitenote_category":0,"_uf_show_specific_survey":0,"_uf_disable_surveys":false,"footnotes":""},"tags":[],"class_list":["post-98","page","type-page","status-publish","hentry"],"aioseo_notices":[],"jetpack_sharing_enabled":true,"_links":{"self":[{"href":"http:\/\/centrotierradetodos.es\/smc\/wp-json\/wp\/v2\/pages\/98","targetHints":{"allow":["GET"]}}],"collection":[{"href":"http:\/\/centrotierradetodos.es\/smc\/wp-json\/wp\/v2\/pages"}],"about":[{"href":"http:\/\/centrotierradetodos.es\/smc\/wp-json\/wp\/v2\/types\/page"}],"author":[{"embeddable":true,"href":"http:\/\/centrotierradetodos.es\/smc\/wp-json\/wp\/v2\/users\/1"}],"replies":[{"embeddable":true,"href":"http:\/\/centrotierradetodos.es\/smc\/wp-json\/wp\/v2\/comments?post=98"}],"version-history":[{"count":0,"href":"http:\/\/centrotierradetodos.es\/smc\/wp-json\/wp\/v2\/pages\/98\/revisions"}],"wp:attachment":[{"href":"http:\/\/centrotierradetodos.es\/smc\/wp-json\/wp\/v2\/media?parent=98"}],"wp:term":[{"taxonomy":"post_tag","embeddable":true,"href":"http:\/\/centrotierradetodos.es\/smc\/wp-json\/wp\/v2\/tags?post=98"}],"curies":[{"name":"wp","href":"https:\/\/api.w.org\/{rel}","templated":true}]}}