{"id":138,"date":"2020-11-17T13:38:48","date_gmt":"2020-11-17T12:38:48","guid":{"rendered":"https:\/\/secretariadodemigraciones.wordpress.com\/?page_id=138"},"modified":"2020-11-17T13:38:48","modified_gmt":"2020-11-17T12:38:48","slug":"sensibilizacion","status":"publish","type":"page","link":"http:\/\/centrotierradetodos.es\/smc\/sensibilizacion\/","title":{"rendered":"Sensibilizaci\u00f3n"},"content":{"rendered":"\n<p><strong>CAMPA\u00d1AS DE SENSIBILIZACI\u00d3N:<\/strong><\/p>\n\n\n\n<p><strong>VIDEO \u2013 FORUM SOBRE LOS RIESGOS DE LA EMIGRACI\u00d3N CLANDESTINA:<\/strong><\/p>\n\n\n\n<p>Difusi\u00f3n tanto en \u00c1frica, como en Espa\u00f1a a trav\u00e9s de las Asociaciones, Centros Educativos,Universidad, etc. de dos v\u00eddeos realizados por la Diputaci\u00f3n Provincial de C\u00e1diz, en colaboraci\u00f3n con el Secretariado de Migraciones:<\/p>\n\n\n\n<p><strong>MENSAJE EN UNA BOTELLA&nbsp;<\/strong>,editado en espa\u00f1ol y \u00e1rabe.&nbsp;<a href=\"http:\/\/www.secretariadodemigraciones.centrotierradetodos.es\/component\/weblinks\/weblink\/29-mensaje-en-una-botella-los-riesgos-de-la-clandestinidad?task=weblink.go\" target=\"_blank\" rel=\"noreferrer noopener\">&nbsp;Ver Parte 1\u00aa<\/a>&nbsp;&nbsp;&nbsp;<a href=\"http:\/\/www.secretariadodemigraciones.centrotierradetodos.es\/component\/weblinks\/weblink\/30-mensaje-en-una-botella-los-riesgos-de-la-clandestinidad-2?task=weblink.go\" target=\"_blank\" rel=\"noreferrer noopener\">Ver Parte 2\u00aa<\/a><\/p>\n\n\n\n<p><strong>ENTRE EL SUE\u00d1O DE EUROPA Y EL FUTURO DE AFRICA<\/strong>, editado en franc\u00e9s, ingl\u00e9s y espa\u00f1ol.&nbsp;&nbsp;<a href=\"http:\/\/www.secretariadodemigraciones.centrotierradetodos.es\/component\/weblinks\/weblink\/29-mensaje-en-una-botella-los-riesgos-de-la-clandestinidad?task=weblink.go\" target=\"_blank\" rel=\"noreferrer noopener\">Ver Parte 1\u00aa&nbsp;<\/a>&nbsp;&nbsp;&nbsp;<a href=\"http:\/\/www.secretariadodemigraciones.centrotierradetodos.es\/component\/weblinks\/weblink\/32-la-nave-del-olvido-entre-el-sueno-de-europa-y-el-futuro-de-africa-1-parte-2?task=weblink.go\" target=\"_blank\" rel=\"noreferrer noopener\">Ver Parte 2\u00aa<\/a><\/p>\n\n\n\n<p><strong>DESPERTAR EL COMPROMISO CRISTIANO EN LOS J\u00d3VENES:<\/strong><\/p>\n\n\n\n<p>Cada verano se celebra un Campo de Trabajo en la Parroquia de los Franciscanos en Tetu\u00e1n. Los destinatarios son j\u00f3venes mayores de 18 a\u00f1os que quieran dedicar un tiempo al servicio de los dem\u00e1s.<\/p>\n\n\n\n<p>Se desarrollan actividades con los \u00abni\u00f1os de la calle\u00bb, enfermos con discapacidad, ancianos,etc., en colaboraci\u00f3n con las entidades locales de Marruecos que atienden a estos colectivos.<\/p>\n\n\n\n<p>Hay tiempo para la alegr\u00eda y la amistad y tambi\u00e9n para reflexionar, rezar, convivir juntos y sentirse interpelados por las realidades de sufrimiento que se est\u00e1n viviendo.<\/p>\n","protected":false},"excerpt":{"rendered":"<p>CAMPA\u00d1AS DE SENSIBILIZACI\u00d3N: VIDEO \u2013 FORUM SOBRE LOS RIESGOS DE LA EMIGRACI\u00d3N CLANDESTINA: Difusi\u00f3n tanto en \u00c1frica, como en Espa\u00f1a a trav\u00e9s de las Asociaciones, Centros Educativos,Universidad, etc. de dos v\u00eddeos realizados por la Diputaci\u00f3n Provincial de C\u00e1diz, en colaboraci\u00f3n con el Secretariado de Migraciones: MENSAJE EN UNA BOTELLA&nbsp;,editado en espa\u00f1ol y \u00e1rabe.&nbsp;&nbsp;Ver Parte 1\u00aa&nbsp;&nbsp;&nbsp;Ver Parte 2\u00aa ENTRE EL SUE\u00d1O DE EUROPA Y EL FUTURO &hellip; <a href=\"http:\/\/centrotierradetodos.es\/smc\/sensibilizacion\/\" class=\"more-link\">Contin\u00faa leyendo <span class=\"screen-reader-text\">Sensibilizaci\u00f3n<\/span><\/a><\/p>\n","protected":false},"author":1,"featured_media":0,"parent":0,"menu_order":0,"comment_status":"closed","ping_status":"closed","template":"","meta":{"_monsterinsights_skip_tracking":false,"_monsterinsights_sitenote_active":false,"_monsterinsights_sitenote_note":"","_monsterinsights_sitenote_category":0,"_uf_show_specific_survey":0,"_uf_disable_surveys":false,"footnotes":""},"tags":[],"class_list":["post-138","page","type-page","status-publish","hentry"],"aioseo_notices":[],"jetpack_sharing_enabled":true,"_links":{"self":[{"href":"http:\/\/centrotierradetodos.es\/smc\/wp-json\/wp\/v2\/pages\/138","targetHints":{"allow":["GET"]}}],"collection":[{"href":"http:\/\/centrotierradetodos.es\/smc\/wp-json\/wp\/v2\/pages"}],"about":[{"href":"http:\/\/centrotierradetodos.es\/smc\/wp-json\/wp\/v2\/types\/page"}],"author":[{"embeddable":true,"href":"http:\/\/centrotierradetodos.es\/smc\/wp-json\/wp\/v2\/users\/1"}],"replies":[{"embeddable":true,"href":"http:\/\/centrotierradetodos.es\/smc\/wp-json\/wp\/v2\/comments?post=138"}],"version-history":[{"count":0,"href":"http:\/\/centrotierradetodos.es\/smc\/wp-json\/wp\/v2\/pages\/138\/revisions"}],"wp:attachment":[{"href":"http:\/\/centrotierradetodos.es\/smc\/wp-json\/wp\/v2\/media?parent=138"}],"wp:term":[{"taxonomy":"post_tag","embeddable":true,"href":"http:\/\/centrotierradetodos.es\/smc\/wp-json\/wp\/v2\/tags?post=138"}],"curies":[{"name":"wp","href":"https:\/\/api.w.org\/{rel}","templated":true}]}}